{"id":6787,"date":"2024-03-04T20:58:16","date_gmt":"2024-03-04T19:58:16","guid":{"rendered":"https:\/\/andalusiatraveltour.com\/politica-de-privacidad\/"},"modified":"2025-02-21T09:11:40","modified_gmt":"2025-02-21T08:11:40","slug":"politica-de-privacidad","status":"publish","type":"page","link":"https:\/\/andalusiatraveltour.com\/es\/politica-de-privacidad\/","title":{"rendered":"Pol\u00edtica de privacidad"},"content":{"rendered":"\n<h3 class=\"wp-block-heading\">Pol\u00edtica de privacidad<\/h3>\n\n<p>This privacy policy relates to Andalusia Travel Tour, and notifies of the ways in which we process the personal data which you provide or will provide during browsing, in addition to the data protection policy which will be applied to said data in order for you to freely and voluntarily decide whether or not you are willing to provide us with this data by continuing browsing.<\/p>\n\n<p>AUTORIZACI\u00d3N PARA EL TRATAMIENTO DE DATOS<\/p>\n\n<p>Andalusia Travel Tour informa que la informaci\u00f3n proporcionada y su tratamiento est\u00e1n documentados en los Registros de Actividades de Tratamiento puestos a disposici\u00f3n de la empresa.<\/p>\n\n<p>Hemos adoptado todas las medidas t\u00e9cnicas y organizativas necesarias para garantizar la seguridad e integridad de los datos personales que tratamos, adem\u00e1s de evitar su p\u00e9rdida, alteraci\u00f3n y\/o acceso no autorizado por parte de terceros. No obstante, debe tener en cuenta que las medidas de seguridad en internet no son impenetrables. <\/p>\n\n<p>Todos los datos solicitados a trav\u00e9s del sitio web marcados como obligatorios (*) son necesarios para ofrecerle un servicio de alta calidad. En caso de no proporcionar todos estos datos, Andalusia Travel Tour no garantiza que la informaci\u00f3n y los servicios ofrecidos se adapten completamente a sus necesidades. <\/p>\n\n<p>Al aceptar esta Pol\u00edtica de Privacidad, lo hace de manera expresa, libre, informada y clara, con el fin de que sus datos personales sean tratados por Andalusia Travel Tour para los siguientes prop\u00f3sitos:<\/p>\n\n<p>Facilitar la organizaci\u00f3n de visitas guiadas y otros servicios tur\u00edsticos ofrecidos. <br\/>Realizar encuestas de satisfacci\u00f3n. <br\/>Gestionar comisiones, requerimientos o cualquier tipo de solicitud que realice a trav\u00e9s de cualquiera de los medios de contacto que ponemos a disposici\u00f3n del usuario en el Sitio Web. <br\/>Enviar comunicaciones comerciales y publicitarias por correo electr\u00f3nico, WhatsApp, SMS o cualquier otro medio electr\u00f3nico o f\u00edsico, presente o futuro, que facilite la comunicaci\u00f3n comercial. Dichas comunicaciones comerciales estar\u00e1n relacionadas con los servicios que ofrecemos, actualmente o en el futuro, adem\u00e1s de informaci\u00f3n de nuestros colaboradores. En ning\u00fan caso, terceros tendr\u00e1n acceso a los datos personales.<br data-mce-bogus=\"1\"\/>  <\/p>\n\n<p>CONSERVACI\u00d3N DE DATOS<\/p>\n\n<p>Tus datos personales ser\u00e1n bloqueados una vez que dejen de ser necesarios para cumplir con la finalidad o finalidades para las que fueron recopilados y ser\u00e1n de uso exclusivo para Jueces y Tribunales, el Ministerio Fiscal y las Administraciones competentes, en particular en materia de Protecci\u00f3n de Datos y para las posibles responsabilidades derivadas del tratamiento de los datos durante su per\u00edodo de prescripci\u00f3n. Cumplido dicho plazo, los datos ser\u00e1n eliminados. <\/p>\n\n<p>NO CESI\u00d3N DE DATOS<\/p>\n\n<p>Andalusia Travel Tour le informa expresamente que en ning\u00fan caso sus datos personales ser\u00e1n transferidos a terceros. Cualquier excepci\u00f3n a esta norma requerir\u00e1 su consentimiento previo, expreso y claro. <\/p>\n\n<p>SUS DERECHOS DE PROTECCI\u00d3N DE DATOS<\/p>\n\n<p>La legislaci\u00f3n vigente en materia de protecci\u00f3n de datos le concede los siguientes derechos:<\/p>\n\n<p>Modificaci\u00f3n de su informaci\u00f3n: Tiene derecho a rectificar cualquier informaci\u00f3n incorrecta o incompleta. Acceso a los datos y portabilidad: Tiene acceso, en todo momento, a la informaci\u00f3n que nos ha proporcionado. Puede solicitar una copia de esta informaci\u00f3n de uso com\u00fan y especificar que enviemos dicha informaci\u00f3n a otro proveedor de servicios (en la medida en que sea t\u00e9cnicamente posible). <br\/>Revocaci\u00f3n del consentimiento: Puede retirar su consentimiento en cualquier momento notific\u00e1ndonos al respecto. Esta retirada no afectar\u00e1 a la validez del tratamiento de sus datos realizado previamente. Restricci\u00f3n del tratamiento de datos: Tiene derecho a limitar el uso de su informaci\u00f3n personal, especialmente en casos donde: i) dispute la exactitud de su informaci\u00f3n personal; ii) el tratamiento de los datos sea il\u00edcito y se oponga a la eliminaci\u00f3n de su informaci\u00f3n personal; iii) ya no necesitemos su informaci\u00f3n personal para el tratamiento, pero usted la solicite para la iniciaci\u00f3n, enjuiciamiento o defensa de procedimientos legales, o iv) se haya opuesto al tratamiento. Oposici\u00f3n al tratamiento de datos: Tiene derecho a que sus datos no sean tratados con un prop\u00f3sito espec\u00edfico. En este caso, no procesaremos m\u00e1s sus datos para dichos fines, a menos que podamos demostrar que existen razones convincentes y justificables para dicho tratamiento o que dicho tratamiento sea necesario para la iniciaci\u00f3n, enjuiciamiento o defensa de procedimientos legales. Ejercicio de estos derechos: Para ejercer estos derechos, debe enviar una solicitud expresa, junto con una copia de su Documento Nacional de Identidad o equivalente, por los medios descritos a continuaci\u00f3n. Si no recibe respuesta de nuestra parte en el plazo correspondiente o no considera que la respuesta recibida sea satisfactoria, le informamos que la autoridad competente es la Agencia Espa\u00f1ola de Protecci\u00f3n de Datos. CORREO ELECTR\u00d3NICO: a info@andalusiatraveltour.com con el asunto \u201cProtecci\u00f3n de Datos\u201d. Este debe enviarse desde la misma direcci\u00f3n de correo electr\u00f3nico proporcionada en el(los) formulario(s). Si este no es el caso, no se mostrar\u00e1n sus datos personales, ya que no existe prueba suficiente de su identidad.         <br\/><br\/>REDES SOCIALES<\/p>\n\n<p>Andalusia Travel Tour tiene un perfil en algunas de las principales redes sociales de Internet (Facebook, Twitter, Google +, Pinterest, entre otras). El tratamiento de los datos que se llevar\u00e1 a cabo utilizando los datos de los seguidores ser\u00e1, en su mayor\u00eda, el permitido por la red social para perfiles corporativos. Por lo tanto, Andalusia Travel Tour podr\u00e1 notificar a sus seguidores, por cualquier medio permitido por la red social, sobre sus actividades y ofertas. En ning\u00fan caso se extraer\u00e1n datos de las redes sociales sin el permiso previo del usuario.<br data-mce-bogus=\"1\"\/>   <\/p>\n\n<p>INFORMACI\u00d3N SOBRE EL INTERCAMBIO DE DATOS. DIRECCIONES IP <\/p>\n\n<p>El intercambio de datos incluye el nombre del proveedor de acceso, la direcci\u00f3n IP, la fecha y hora de acceso, enlaces a otra informaci\u00f3n similar que pueda ser proporcionada mientras navega por el sitio web. Si se recopilan estos datos, se procesar\u00e1n de forma an\u00f3nima y con el \u00fanico prop\u00f3sito de proporcionar estad\u00edsticas de visitas relacionadas con nuestro sitio web. <\/p>\n\n<p>Un medio para recopilar informaci\u00f3n adicional sobre sus visitas a nuestro sitio web es mediante el registro de la direcci\u00f3n IP o protocolo de su PC. Este protocolo IP es un n\u00famero que se asigna autom\u00e1ticamente a su sistema cada vez que navega. Cualquier sitio web que acceda detecta inmediatamente su PC mediante su direcci\u00f3n IP. Al acceder a nuestro sitio web, su direcci\u00f3n IP se almacenar\u00e1 autom\u00e1ticamente. El almacenamiento de esta direcci\u00f3n tiene como \u00fanico prop\u00f3sito registrar estad\u00edsticas de las visitas a nuestro sitio web, lo que facilita el funcionamiento de nuestro servicio y nos permite mejorarlo d\u00eda a d\u00eda, as\u00ed como el punto de acceso, etc.    <\/p>\n\n<p>DURACI\u00d3N Y MODIFICACI\u00d3N<br\/><\/p>\n\n<p>Andalusia Travel Tour se reserva el derecho de modificar, total o parcialmente, esta Pol\u00edtica de Privacidad, publicando los cambios correspondientes en el sitio web. Por lo tanto, podr\u00e1 realizar las modificaciones que considere necesarias en el sitio web sin previo aviso, cambiando, eliminando o a\u00f1adiendo tanto contenido como servicios que ofrece, adem\u00e1s de la forma en que estos se presenten o localicen. En consecuencia, las condiciones\/pol\u00edticas generales que se publiquen cuando el usuario acceda al sitio web se considerar\u00e1n vigentes y el Usuario deber\u00e1 leerlas de manera regular.  <\/p>\n\n<p>Independientemente de lo dispuesto, Andalusia Travel Tour podr\u00e1 finalizar, suspender o interrumpir el acceso a los contenidos de la p\u00e1gina sin previo aviso y el Usuario no podr\u00e1 exigir ning\u00fan tipo de compensaci\u00f3n.<\/p>\n","protected":false},"excerpt":{"rendered":"<p>Pol\u00edtica de privacidad This privacy policy relates to Andalusia Travel Tour, and notifies of the ways in which we process the personal data which you provide or will provide during browsing, in addition to the data protection policy which will be applied to said data in order for you to freely and voluntarily decide whether [&hellip;]<\/p>\n","protected":false},"author":1,"featured_media":0,"parent":0,"menu_order":0,"comment_status":"closed","ping_status":"closed","template":"","meta":{"footnotes":""},"class_list":["post-6787","page","type-page","status-publish","hentry"],"yoast_head":"<!-- This site is optimized with the Yoast SEO plugin v27.3 - https:\/\/yoast.com\/product\/yoast-seo-wordpress\/ -->\n<title>Pol\u00edtica de privacidad | Andalusia Travel Tour<\/title>\n<meta name=\"robots\" content=\"index, follow, max-snippet:-1, max-image-preview:large, max-video-preview:-1\" \/>\n<link rel=\"canonical\" href=\"https:\/\/andalusiatraveltour.com\/es\/politica-de-privacidad\/\" \/>\n<meta property=\"og:locale\" content=\"es_ES\" \/>\n<meta property=\"og:type\" content=\"article\" \/>\n<meta property=\"og:title\" content=\"Pol\u00edtica de privacidad | Andalusia Travel Tour\" \/>\n<meta property=\"og:description\" content=\"Pol\u00edtica de privacidad This privacy policy relates to Andalusia Travel Tour, and notifies of the ways in which we process the personal data which you provide or will provide during browsing, in addition to the data protection policy which will be applied to said data in order for you to freely and voluntarily decide whether [&hellip;]\" \/>\n<meta property=\"og:url\" content=\"https:\/\/andalusiatraveltour.com\/es\/politica-de-privacidad\/\" \/>\n<meta property=\"og:site_name\" content=\"Andalusia Travel Tour\" \/>\n<meta property=\"article:modified_time\" content=\"2025-02-21T08:11:40+00:00\" \/>\n<meta property=\"og:image\" content=\"https:\/\/andalusiatraveltour.com\/wp-content\/uploads\/2024\/03\/tours-granada-andalucia-espana.jpeg\" \/>\n\t<meta property=\"og:image:width\" content=\"1000\" \/>\n\t<meta property=\"og:image:height\" content=\"673\" \/>\n\t<meta property=\"og:image:type\" content=\"image\/jpeg\" \/>\n<meta name=\"twitter:card\" content=\"summary_large_image\" \/>\n<meta name=\"twitter:label1\" content=\"Tiempo de lectura\" \/>\n\t<meta name=\"twitter:data1\" content=\"6 minutos\" \/>\n<script type=\"application\/ld+json\" class=\"yoast-schema-graph\">{\"@context\":\"https:\\\/\\\/schema.org\",\"@graph\":[{\"@type\":\"WebPage\",\"@id\":\"https:\\\/\\\/andalusiatraveltour.com\\\/es\\\/politica-de-privacidad\\\/\",\"url\":\"https:\\\/\\\/andalusiatraveltour.com\\\/es\\\/politica-de-privacidad\\\/\",\"name\":\"Pol\u00edtica de privacidad | Andalusia Travel Tour\",\"isPartOf\":{\"@id\":\"https:\\\/\\\/andalusiatraveltour.com\\\/es\\\/#website\"},\"datePublished\":\"2024-03-04T19:58:16+00:00\",\"dateModified\":\"2025-02-21T08:11:40+00:00\",\"breadcrumb\":{\"@id\":\"https:\\\/\\\/andalusiatraveltour.com\\\/es\\\/politica-de-privacidad\\\/#breadcrumb\"},\"inLanguage\":\"es\",\"potentialAction\":[{\"@type\":\"ReadAction\",\"target\":[\"https:\\\/\\\/andalusiatraveltour.com\\\/es\\\/politica-de-privacidad\\\/\"]}]},{\"@type\":\"BreadcrumbList\",\"@id\":\"https:\\\/\\\/andalusiatraveltour.com\\\/es\\\/politica-de-privacidad\\\/#breadcrumb\",\"itemListElement\":[{\"@type\":\"ListItem\",\"position\":1,\"name\":\"Home\",\"item\":\"https:\\\/\\\/andalusiatraveltour.com\\\/es\\\/\"},{\"@type\":\"ListItem\",\"position\":2,\"name\":\"Pol\u00edtica de privacidad\"}]},{\"@type\":\"WebSite\",\"@id\":\"https:\\\/\\\/andalusiatraveltour.com\\\/es\\\/#website\",\"url\":\"https:\\\/\\\/andalusiatraveltour.com\\\/es\\\/\",\"name\":\"Andalusia Travel Tour\",\"description\":\"\",\"publisher\":{\"@id\":\"https:\\\/\\\/andalusiatraveltour.com\\\/es\\\/#organization\"},\"potentialAction\":[{\"@type\":\"SearchAction\",\"target\":{\"@type\":\"EntryPoint\",\"urlTemplate\":\"https:\\\/\\\/andalusiatraveltour.com\\\/es\\\/?s={search_term_string}\"},\"query-input\":{\"@type\":\"PropertyValueSpecification\",\"valueRequired\":true,\"valueName\":\"search_term_string\"}}],\"inLanguage\":\"es\"},{\"@type\":\"Organization\",\"@id\":\"https:\\\/\\\/andalusiatraveltour.com\\\/es\\\/#organization\",\"name\":\"Andalusia Travel Tour\",\"url\":\"https:\\\/\\\/andalusiatraveltour.com\\\/es\\\/\",\"logo\":{\"@type\":\"ImageObject\",\"inLanguage\":\"es\",\"@id\":\"https:\\\/\\\/andalusiatraveltour.com\\\/es\\\/#\\\/schema\\\/logo\\\/image\\\/\",\"url\":\"https:\\\/\\\/andalusiatraveltour.com\\\/wp-content\\\/uploads\\\/2024\\\/02\\\/logo-andalusia-travel-tour-1.jpg\",\"contentUrl\":\"https:\\\/\\\/andalusiatraveltour.com\\\/wp-content\\\/uploads\\\/2024\\\/02\\\/logo-andalusia-travel-tour-1.jpg\",\"width\":424,\"height\":128,\"caption\":\"Andalusia Travel Tour\"},\"image\":{\"@id\":\"https:\\\/\\\/andalusiatraveltour.com\\\/es\\\/#\\\/schema\\\/logo\\\/image\\\/\"}}]}<\/script>\n<!-- \/ Yoast SEO plugin. -->","yoast_head_json":{"title":"Pol\u00edtica de privacidad | Andalusia Travel Tour","robots":{"index":"index","follow":"follow","max-snippet":"max-snippet:-1","max-image-preview":"max-image-preview:large","max-video-preview":"max-video-preview:-1"},"canonical":"https:\/\/andalusiatraveltour.com\/es\/politica-de-privacidad\/","og_locale":"es_ES","og_type":"article","og_title":"Pol\u00edtica de privacidad | Andalusia Travel Tour","og_description":"Pol\u00edtica de privacidad This privacy policy relates to Andalusia Travel Tour, and notifies of the ways in which we process the personal data which you provide or will provide during browsing, in addition to the data protection policy which will be applied to said data in order for you to freely and voluntarily decide whether [&hellip;]","og_url":"https:\/\/andalusiatraveltour.com\/es\/politica-de-privacidad\/","og_site_name":"Andalusia Travel Tour","article_modified_time":"2025-02-21T08:11:40+00:00","og_image":[{"width":1000,"height":673,"url":"https:\/\/andalusiatraveltour.com\/wp-content\/uploads\/2024\/03\/tours-granada-andalucia-espana.jpeg","type":"image\/jpeg"}],"twitter_card":"summary_large_image","twitter_misc":{"Tiempo de lectura":"6 minutos"},"schema":{"@context":"https:\/\/schema.org","@graph":[{"@type":"WebPage","@id":"https:\/\/andalusiatraveltour.com\/es\/politica-de-privacidad\/","url":"https:\/\/andalusiatraveltour.com\/es\/politica-de-privacidad\/","name":"Pol\u00edtica de privacidad | Andalusia Travel Tour","isPartOf":{"@id":"https:\/\/andalusiatraveltour.com\/es\/#website"},"datePublished":"2024-03-04T19:58:16+00:00","dateModified":"2025-02-21T08:11:40+00:00","breadcrumb":{"@id":"https:\/\/andalusiatraveltour.com\/es\/politica-de-privacidad\/#breadcrumb"},"inLanguage":"es","potentialAction":[{"@type":"ReadAction","target":["https:\/\/andalusiatraveltour.com\/es\/politica-de-privacidad\/"]}]},{"@type":"BreadcrumbList","@id":"https:\/\/andalusiatraveltour.com\/es\/politica-de-privacidad\/#breadcrumb","itemListElement":[{"@type":"ListItem","position":1,"name":"Home","item":"https:\/\/andalusiatraveltour.com\/es\/"},{"@type":"ListItem","position":2,"name":"Pol\u00edtica de privacidad"}]},{"@type":"WebSite","@id":"https:\/\/andalusiatraveltour.com\/es\/#website","url":"https:\/\/andalusiatraveltour.com\/es\/","name":"Andalusia Travel Tour","description":"","publisher":{"@id":"https:\/\/andalusiatraveltour.com\/es\/#organization"},"potentialAction":[{"@type":"SearchAction","target":{"@type":"EntryPoint","urlTemplate":"https:\/\/andalusiatraveltour.com\/es\/?s={search_term_string}"},"query-input":{"@type":"PropertyValueSpecification","valueRequired":true,"valueName":"search_term_string"}}],"inLanguage":"es"},{"@type":"Organization","@id":"https:\/\/andalusiatraveltour.com\/es\/#organization","name":"Andalusia Travel Tour","url":"https:\/\/andalusiatraveltour.com\/es\/","logo":{"@type":"ImageObject","inLanguage":"es","@id":"https:\/\/andalusiatraveltour.com\/es\/#\/schema\/logo\/image\/","url":"https:\/\/andalusiatraveltour.com\/wp-content\/uploads\/2024\/02\/logo-andalusia-travel-tour-1.jpg","contentUrl":"https:\/\/andalusiatraveltour.com\/wp-content\/uploads\/2024\/02\/logo-andalusia-travel-tour-1.jpg","width":424,"height":128,"caption":"Andalusia Travel Tour"},"image":{"@id":"https:\/\/andalusiatraveltour.com\/es\/#\/schema\/logo\/image\/"}}]}},"_links":{"self":[{"href":"https:\/\/andalusiatraveltour.com\/es\/wp-json\/wp\/v2\/pages\/6787","targetHints":{"allow":["GET"]}}],"collection":[{"href":"https:\/\/andalusiatraveltour.com\/es\/wp-json\/wp\/v2\/pages"}],"about":[{"href":"https:\/\/andalusiatraveltour.com\/es\/wp-json\/wp\/v2\/types\/page"}],"author":[{"embeddable":true,"href":"https:\/\/andalusiatraveltour.com\/es\/wp-json\/wp\/v2\/users\/1"}],"replies":[{"embeddable":true,"href":"https:\/\/andalusiatraveltour.com\/es\/wp-json\/wp\/v2\/comments?post=6787"}],"version-history":[{"count":1,"href":"https:\/\/andalusiatraveltour.com\/es\/wp-json\/wp\/v2\/pages\/6787\/revisions"}],"predecessor-version":[{"id":6788,"href":"https:\/\/andalusiatraveltour.com\/es\/wp-json\/wp\/v2\/pages\/6787\/revisions\/6788"}],"wp:attachment":[{"href":"https:\/\/andalusiatraveltour.com\/es\/wp-json\/wp\/v2\/media?parent=6787"}],"curies":[{"name":"wp","href":"https:\/\/api.w.org\/{rel}","templated":true}]}}