{"id":2569,"date":"2024-03-08T15:54:42","date_gmt":"2024-03-08T14:54:42","guid":{"rendered":"http:\/\/andalusiatraveltour.com\/contacto\/"},"modified":"2025-03-03T17:14:45","modified_gmt":"2025-03-03T16:14:45","slug":"contacto","status":"publish","type":"page","link":"https:\/\/andalusiatraveltour.com\/es\/contacto\/","title":{"rendered":"Cont\u00e1ctanos"},"content":{"rendered":"\t\t<div data-elementor-type=\"wp-page\" data-elementor-id=\"2569\" class=\"elementor elementor-2569 elementor-1813\" data-elementor-post-type=\"page\">\n\t\t\t\t<div class=\"elementor-element elementor-element-9fac051 e-flex e-con-boxed e-con e-parent\" data-id=\"9fac051\" data-element_type=\"container\" data-e-type=\"container\">\n\t\t\t\t\t<div class=\"e-con-inner\">\n\t\t<div class=\"elementor-element elementor-element-05661d4 e-con-full e-flex e-con e-child\" data-id=\"05661d4\" data-element_type=\"container\" data-e-type=\"container\">\n\t\t\t\t<div class=\"elementor-element elementor-element-bff3e8f elementor-widget elementor-widget-text-editor\" data-id=\"bff3e8f\" data-element_type=\"widget\" data-e-type=\"widget\" data-widget_type=\"text-editor.default\">\n\t\t\t\t<div class=\"elementor-widget-container\">\n\t\t\t\t\t\t\t\t\t<p>Cont\u00e1ctanos<\/p>\n\t\t\t\t\t\t\t\t<\/div>\n\t\t\t\t<\/div>\n\t\t\t\t<div class=\"elementor-element elementor-element-99b12c4 elementor-widget__width-inherit elementor-widget elementor-widget-text-editor\" data-id=\"99b12c4\" data-element_type=\"widget\" data-e-type=\"widget\" data-widget_type=\"text-editor.default\">\n\t\t\t\t<div class=\"elementor-widget-container\">\n\t\t\t\t\t\t\t\t\t<h5>\u00bfHablamos?<\/h5>\n<p>Estamos aqu\u00ed para ofrecerte <strong>toda la informaci\u00f3n que necesites<\/strong>.<\/p>\n<p>\u00bfTienes preguntas sobre nuestros tours privados, excursiones de un d\u00eda, paquetes vacacionales o viajes corporativos e incentivos? Como l\u00edderes y especialistas en Andaluc\u00eda, ofrecemos experiencias dise\u00f1adas a medida, dirigidas por gu\u00edas oficiales cualificados con a\u00f1os de experiencia comprobada. Nuestro acuerdo de nivel de servicio garantiza una <b>respuesta en menos de 24 horas<\/b>. Con <b>experiencia internacional<\/b>, entendemos las necesidades de los clientes de todo el mundo y adaptamos nuestros servicios en consecuencia.   <\/p>\n<p>Ponte en contacto hoy mismo, somos tu socio de confianza para descubrir el sur de Espa\u00f1a. O, si lo prefieres, agendemos una videollamada. <\/p>\n\t\t\t\t\t\t\t\t<\/div>\n\t\t\t\t<\/div>\n\t\t\t\t<\/div>\n\t\t\t\t\t<\/div>\n\t\t\t\t<\/div>\n\t\t<div class=\"elementor-element elementor-element-9b5e937 e-flex e-con-boxed e-con e-parent\" data-id=\"9b5e937\" data-element_type=\"container\" data-e-type=\"container\">\n\t\t\t\t\t<div class=\"e-con-inner\">\n\t\t<div class=\"elementor-element elementor-element-dc7405e e-con-full elementor-hidden-mobile e-flex e-con e-child\" data-id=\"dc7405e\" data-element_type=\"container\" data-e-type=\"container\">\n\t\t\t\t<div class=\"elementor-element elementor-element-a8109b5 elementor-widget elementor-widget-image\" data-id=\"a8109b5\" data-element_type=\"widget\" data-e-type=\"widget\" data-widget_type=\"image.default\">\n\t\t\t\t<div class=\"elementor-widget-container\">\n\t\t\t\t\t\t\t\t\t\t\t\t\t\t\t<img fetchpriority=\"high\" decoding=\"async\" width=\"692\" height=\"501\" src=\"https:\/\/andalusiatraveltour.com\/wp-content\/uploads\/2024\/03\/Foto-about-us1_edited.webp\" class=\"attachment-full size-full wp-image-1816\" alt=\"Andalusia Travel Tour and the Alhambra\" srcset=\"https:\/\/andalusiatraveltour.com\/wp-content\/uploads\/2024\/03\/Foto-about-us1_edited.webp 692w, https:\/\/andalusiatraveltour.com\/wp-content\/uploads\/2024\/03\/Foto-about-us1_edited-300x217.webp 300w\" sizes=\"(max-width: 692px) 100vw, 692px\" \/>\t\t\t\t\t\t\t\t\t\t\t\t\t\t\t<\/div>\n\t\t\t\t<\/div>\n\t\t\t\t<\/div>\n\t\t<div class=\"elementor-element elementor-element-ad0771d e-con-full e-flex e-con e-child\" data-id=\"ad0771d\" data-element_type=\"container\" data-e-type=\"container\" data-settings=\"{&quot;background_background&quot;:&quot;classic&quot;,&quot;sticky&quot;:&quot;top&quot;,&quot;sticky_parent&quot;:&quot;yes&quot;,&quot;sticky_on&quot;:[&quot;widescreen&quot;,&quot;desktop&quot;,&quot;tablet&quot;,&quot;mobile&quot;],&quot;sticky_offset&quot;:0,&quot;sticky_effects_offset&quot;:0,&quot;sticky_anchor_link_offset&quot;:0}\">\n\t\t<div class=\"elementor-element elementor-element-b6a6ca7 e-flex e-con-boxed e-con e-child\" data-id=\"b6a6ca7\" data-element_type=\"container\" data-e-type=\"container\">\n\t\t\t\t\t<div class=\"e-con-inner\">\n\t\t<div class=\"elementor-element elementor-element-02e9214 e-con-full e-flex e-con e-child\" data-id=\"02e9214\" data-element_type=\"container\" data-e-type=\"container\">\n\t\t\t\t<div class=\"elementor-element elementor-element-6e97a0f elementor-widget elementor-widget-heading\" data-id=\"6e97a0f\" data-element_type=\"widget\" data-e-type=\"widget\" data-widget_type=\"heading.default\">\n\t\t\t\t<div class=\"elementor-widget-container\">\n\t\t\t\t\t<h2 class=\"elementor-heading-title elementor-size-default\">FORMULARIO DE CONTACTO<\/h2>\t\t\t\t<\/div>\n\t\t\t\t<\/div>\n\t\t\t\t<\/div>\n\t\t\t\t\t<\/div>\n\t\t\t\t<\/div>\n\t\t<div class=\"elementor-element elementor-element-481590b e-flex e-con-boxed e-con e-child\" data-id=\"481590b\" data-element_type=\"container\" data-e-type=\"container\">\n\t\t\t\t\t<div class=\"e-con-inner\">\n\t\t\t\t<div class=\"elementor-element elementor-element-96a1591 elementor-widget elementor-widget-shortcode\" data-id=\"96a1591\" data-element_type=\"widget\" data-e-type=\"widget\" data-widget_type=\"shortcode.default\">\n\t\t\t\t<div class=\"elementor-widget-container\">\n\t\t\t\t\t\t\t<div class=\"elementor-shortcode\">\n<div class=\"wpcf7 no-js\" id=\"wpcf7-f3620-o1\" lang=\"es-ES\" dir=\"ltr\" data-wpcf7-id=\"3620\">\n<div class=\"screen-reader-response\"><p role=\"status\" aria-live=\"polite\" aria-atomic=\"true\"><\/p> <ul><\/ul><\/div>\n<form action=\"\/es\/wp-json\/wp\/v2\/pages\/2569#wpcf7-f3620-o1\" method=\"post\" class=\"wpcf7-form init\" aria-label=\"Formulario de contacto\" novalidate=\"novalidate\" data-status=\"init\">\n<fieldset class=\"hidden-fields-container\"><input type=\"hidden\" name=\"_wpcf7\" value=\"3620\" \/><input type=\"hidden\" name=\"_wpcf7_version\" value=\"6.1.5\" \/><input type=\"hidden\" name=\"_wpcf7_locale\" value=\"es_ES\" \/><input type=\"hidden\" name=\"_wpcf7_unit_tag\" value=\"wpcf7-f3620-o1\" \/><input type=\"hidden\" name=\"_wpcf7_container_post\" value=\"0\" \/><input type=\"hidden\" name=\"_wpcf7_posted_data_hash\" value=\"\" \/>\n<\/fieldset>\n<div class=\"flex_\">\n<label> Nombre*\n    <span class=\"wpcf7-form-control-wrap\" data-name=\"your-name\"><input size=\"40\" maxlength=\"400\" class=\"wpcf7-form-control wpcf7-text wpcf7-validates-as-required\" autocomplete=\"name\" aria-required=\"true\" aria-invalid=\"false\" value=\"\" type=\"text\" name=\"your-name\" \/><\/span> <\/label>\n\n<label> Email*\n    <span class=\"wpcf7-form-control-wrap\" data-name=\"your-email\"><input size=\"40\" maxlength=\"400\" class=\"wpcf7-form-control wpcf7-email wpcf7-validates-as-required wpcf7-text wpcf7-validates-as-email\" autocomplete=\"email\" aria-required=\"true\" aria-invalid=\"false\" value=\"\" type=\"email\" name=\"your-email\" \/><\/span> <\/label>\n<\/div>\n<div class=\"flex_\">\n<label> Tel\u00e9fono\n    <span class=\"wpcf7-form-control-wrap\" data-name=\"your-phone\"><input size=\"40\" maxlength=\"400\" class=\"wpcf7-form-control wpcf7-tel wpcf7-text wpcf7-validates-as-tel\" autocomplete=\"phone\" aria-invalid=\"false\" value=\"\" type=\"tel\" name=\"your-phone\" \/><\/span> <\/label>\n\n<label> Pa\u00eds\n    <span class=\"wpcf7-form-control-wrap\" data-name=\"your-country\"><input size=\"40\" maxlength=\"400\" class=\"wpcf7-form-control wpcf7-text\" autocomplete=\"country\" aria-invalid=\"false\" value=\"\" type=\"text\" name=\"your-country\" \/><\/span> <\/label>\n<\/div>\n\n<label class=\"hide_me\"> Mensaje\n    <span class=\"wpcf7-form-control-wrap\" data-name=\"your-message\"><textarea cols=\"40\" rows=\"10\" maxlength=\"2000\" class=\"wpcf7-form-control wpcf7-textarea\" aria-invalid=\"false\" name=\"your-message\"><\/textarea><\/span> <\/label>\n\n<span class=\"wpcf7-form-control-wrap\" data-name=\"acceptance-98\"><span class=\"wpcf7-form-control wpcf7-acceptance optional\"><span class=\"wpcf7-list-item\"><label><input type=\"checkbox\" name=\"acceptance-98\" value=\"1\" aria-invalid=\"false\" \/><span class=\"wpcf7-list-item-label\">He le\u00eddo y acepto la <a target=\"_blank\" href=\"http:\/\/andalusiatraveltour.com\/privacy-policy\/\">Pol\u00edtica de Privacidad<\/a><\/span><\/label><\/span><\/span><\/span>\n\n<input class=\"wpcf7-form-control wpcf7-submit has-spinner\" type=\"submit\" value=\"Enviar\" \/><div class=\"wpcf7-response-output\" aria-hidden=\"true\"><\/div>\n<\/form>\n<\/div>\n<\/div>\n\t\t\t\t\t\t<\/div>\n\t\t\t\t<\/div>\n\t\t\t\t\t<\/div>\n\t\t\t\t<\/div>\n\t\t\t\t<\/div>\n\t\t\t\t\t<\/div>\n\t\t\t\t<\/div>\n\t\t\t\t<\/div>\n\t\t","protected":false},"excerpt":{"rendered":"<p>Cont\u00e1ctanos \u00bfHablamos? Estamos aqu\u00ed para ofrecerte toda la informaci\u00f3n que necesites. \u00bfTienes preguntas sobre nuestros tours privados, excursiones de un d\u00eda, paquetes vacacionales o viajes corporativos e incentivos? Como l\u00edderes y especialistas en Andaluc\u00eda, ofrecemos experiencias dise\u00f1adas a medida, dirigidas por gu\u00edas oficiales cualificados con a\u00f1os de experiencia comprobada. Nuestro acuerdo de nivel de servicio [&hellip;]<\/p>\n","protected":false},"author":1,"featured_media":6635,"parent":0,"menu_order":0,"comment_status":"closed","ping_status":"closed","template":"","meta":{"footnotes":""},"class_list":["post-2569","page","type-page","status-publish","has-post-thumbnail","hentry"],"yoast_head":"<!-- This site is optimized with the Yoast SEO plugin v27.5 - https:\/\/yoast.com\/product\/yoast-seo-wordpress\/ -->\n<title>Cont\u00e1ctanos | Andalusia Travel Tour<\/title>\n<meta name=\"description\" content=\"Cont\u00e1ctanos para obtener tu presupuesto. Te informaremos y te responderemos en menos de 24 horas. \u00a1Mejor Servicio Garantizado!\" \/>\n<meta name=\"robots\" content=\"index, follow, max-snippet:-1, max-image-preview:large, max-video-preview:-1\" \/>\n<link rel=\"canonical\" href=\"https:\/\/andalusiatraveltour.com\/es\/contacto\/\" \/>\n<meta property=\"og:locale\" content=\"es_ES\" \/>\n<meta property=\"og:type\" content=\"article\" \/>\n<meta property=\"og:title\" content=\"Cont\u00e1ctanos | Andalusia Travel Tour\" \/>\n<meta property=\"og:description\" content=\"Cont\u00e1ctanos para obtener tu presupuesto. Te informaremos y te responderemos en menos de 24 horas. \u00a1Mejor Servicio Garantizado!\" \/>\n<meta property=\"og:url\" content=\"https:\/\/andalusiatraveltour.com\/es\/contacto\/\" \/>\n<meta property=\"og:site_name\" content=\"Andalusia Travel Tour\" \/>\n<meta property=\"article:modified_time\" content=\"2025-03-03T16:14:45+00:00\" \/>\n<meta property=\"og:image\" content=\"https:\/\/andalusiatraveltour.com\/wp-content\/uploads\/2025\/02\/Logo-original-secondary.png\" \/>\n\t<meta property=\"og:image:width\" content=\"500\" \/>\n\t<meta property=\"og:image:height\" content=\"500\" \/>\n\t<meta property=\"og:image:type\" content=\"image\/png\" \/>\n<meta name=\"twitter:card\" content=\"summary_large_image\" \/>\n<meta name=\"twitter:label1\" content=\"Tiempo de lectura\" \/>\n\t<meta name=\"twitter:data1\" content=\"1 minuto\" \/>\n<script type=\"application\/ld+json\" class=\"yoast-schema-graph\">{\"@context\":\"https:\\\/\\\/schema.org\",\"@graph\":[{\"@type\":\"WebPage\",\"@id\":\"https:\\\/\\\/andalusiatraveltour.com\\\/es\\\/contacto\\\/\",\"url\":\"https:\\\/\\\/andalusiatraveltour.com\\\/es\\\/contacto\\\/\",\"name\":\"Cont\u00e1ctanos | Andalusia Travel Tour\",\"isPartOf\":{\"@id\":\"https:\\\/\\\/andalusiatraveltour.com\\\/es\\\/#website\"},\"primaryImageOfPage\":{\"@id\":\"https:\\\/\\\/andalusiatraveltour.com\\\/es\\\/contacto\\\/#primaryimage\"},\"image\":{\"@id\":\"https:\\\/\\\/andalusiatraveltour.com\\\/es\\\/contacto\\\/#primaryimage\"},\"thumbnailUrl\":\"https:\\\/\\\/andalusiatraveltour.com\\\/wp-content\\\/uploads\\\/2025\\\/02\\\/Logo-original-secondary.png\",\"datePublished\":\"2024-03-08T14:54:42+00:00\",\"dateModified\":\"2025-03-03T16:14:45+00:00\",\"description\":\"Cont\u00e1ctanos para obtener tu presupuesto. Te informaremos y te responderemos en menos de 24 horas. \u00a1Mejor Servicio Garantizado!\",\"breadcrumb\":{\"@id\":\"https:\\\/\\\/andalusiatraveltour.com\\\/es\\\/contacto\\\/#breadcrumb\"},\"inLanguage\":\"es\",\"potentialAction\":[{\"@type\":\"ReadAction\",\"target\":[\"https:\\\/\\\/andalusiatraveltour.com\\\/es\\\/contacto\\\/\"]}]},{\"@type\":\"ImageObject\",\"inLanguage\":\"es\",\"@id\":\"https:\\\/\\\/andalusiatraveltour.com\\\/es\\\/contacto\\\/#primaryimage\",\"url\":\"https:\\\/\\\/andalusiatraveltour.com\\\/wp-content\\\/uploads\\\/2025\\\/02\\\/Logo-original-secondary.png\",\"contentUrl\":\"https:\\\/\\\/andalusiatraveltour.com\\\/wp-content\\\/uploads\\\/2025\\\/02\\\/Logo-original-secondary.png\",\"width\":500,\"height\":500,\"caption\":\"Contact Andalusia Travel Tour\"},{\"@type\":\"BreadcrumbList\",\"@id\":\"https:\\\/\\\/andalusiatraveltour.com\\\/es\\\/contacto\\\/#breadcrumb\",\"itemListElement\":[{\"@type\":\"ListItem\",\"position\":1,\"name\":\"Home\",\"item\":\"https:\\\/\\\/andalusiatraveltour.com\\\/es\\\/\"},{\"@type\":\"ListItem\",\"position\":2,\"name\":\"Cont\u00e1ctanos\"}]},{\"@type\":\"WebSite\",\"@id\":\"https:\\\/\\\/andalusiatraveltour.com\\\/es\\\/#website\",\"url\":\"https:\\\/\\\/andalusiatraveltour.com\\\/es\\\/\",\"name\":\"Andalusia Travel Tour\",\"description\":\"\",\"publisher\":{\"@id\":\"https:\\\/\\\/andalusiatraveltour.com\\\/es\\\/#organization\"},\"potentialAction\":[{\"@type\":\"SearchAction\",\"target\":{\"@type\":\"EntryPoint\",\"urlTemplate\":\"https:\\\/\\\/andalusiatraveltour.com\\\/es\\\/?s={search_term_string}\"},\"query-input\":{\"@type\":\"PropertyValueSpecification\",\"valueRequired\":true,\"valueName\":\"search_term_string\"}}],\"inLanguage\":\"es\"},{\"@type\":\"Organization\",\"@id\":\"https:\\\/\\\/andalusiatraveltour.com\\\/es\\\/#organization\",\"name\":\"Andalusia Travel Tour\",\"url\":\"https:\\\/\\\/andalusiatraveltour.com\\\/es\\\/\",\"logo\":{\"@type\":\"ImageObject\",\"inLanguage\":\"es\",\"@id\":\"https:\\\/\\\/andalusiatraveltour.com\\\/es\\\/#\\\/schema\\\/logo\\\/image\\\/\",\"url\":\"https:\\\/\\\/andalusiatraveltour.com\\\/wp-content\\\/uploads\\\/2024\\\/02\\\/logo-andalusia-travel-tour-1.jpg\",\"contentUrl\":\"https:\\\/\\\/andalusiatraveltour.com\\\/wp-content\\\/uploads\\\/2024\\\/02\\\/logo-andalusia-travel-tour-1.jpg\",\"width\":424,\"height\":128,\"caption\":\"Andalusia Travel Tour\"},\"image\":{\"@id\":\"https:\\\/\\\/andalusiatraveltour.com\\\/es\\\/#\\\/schema\\\/logo\\\/image\\\/\"}}]}<\/script>\n<!-- \/ Yoast SEO plugin. -->","yoast_head_json":{"title":"Cont\u00e1ctanos | Andalusia Travel Tour","description":"Cont\u00e1ctanos para obtener tu presupuesto. Te informaremos y te responderemos en menos de 24 horas. \u00a1Mejor Servicio Garantizado!","robots":{"index":"index","follow":"follow","max-snippet":"max-snippet:-1","max-image-preview":"max-image-preview:large","max-video-preview":"max-video-preview:-1"},"canonical":"https:\/\/andalusiatraveltour.com\/es\/contacto\/","og_locale":"es_ES","og_type":"article","og_title":"Cont\u00e1ctanos | Andalusia Travel Tour","og_description":"Cont\u00e1ctanos para obtener tu presupuesto. Te informaremos y te responderemos en menos de 24 horas. \u00a1Mejor Servicio Garantizado!","og_url":"https:\/\/andalusiatraveltour.com\/es\/contacto\/","og_site_name":"Andalusia Travel Tour","article_modified_time":"2025-03-03T16:14:45+00:00","og_image":[{"width":500,"height":500,"url":"https:\/\/andalusiatraveltour.com\/wp-content\/uploads\/2025\/02\/Logo-original-secondary.png","type":"image\/png"}],"twitter_card":"summary_large_image","twitter_misc":{"Tiempo de lectura":"1 minuto"},"schema":{"@context":"https:\/\/schema.org","@graph":[{"@type":"WebPage","@id":"https:\/\/andalusiatraveltour.com\/es\/contacto\/","url":"https:\/\/andalusiatraveltour.com\/es\/contacto\/","name":"Cont\u00e1ctanos | Andalusia Travel Tour","isPartOf":{"@id":"https:\/\/andalusiatraveltour.com\/es\/#website"},"primaryImageOfPage":{"@id":"https:\/\/andalusiatraveltour.com\/es\/contacto\/#primaryimage"},"image":{"@id":"https:\/\/andalusiatraveltour.com\/es\/contacto\/#primaryimage"},"thumbnailUrl":"https:\/\/andalusiatraveltour.com\/wp-content\/uploads\/2025\/02\/Logo-original-secondary.png","datePublished":"2024-03-08T14:54:42+00:00","dateModified":"2025-03-03T16:14:45+00:00","description":"Cont\u00e1ctanos para obtener tu presupuesto. Te informaremos y te responderemos en menos de 24 horas. \u00a1Mejor Servicio Garantizado!","breadcrumb":{"@id":"https:\/\/andalusiatraveltour.com\/es\/contacto\/#breadcrumb"},"inLanguage":"es","potentialAction":[{"@type":"ReadAction","target":["https:\/\/andalusiatraveltour.com\/es\/contacto\/"]}]},{"@type":"ImageObject","inLanguage":"es","@id":"https:\/\/andalusiatraveltour.com\/es\/contacto\/#primaryimage","url":"https:\/\/andalusiatraveltour.com\/wp-content\/uploads\/2025\/02\/Logo-original-secondary.png","contentUrl":"https:\/\/andalusiatraveltour.com\/wp-content\/uploads\/2025\/02\/Logo-original-secondary.png","width":500,"height":500,"caption":"Contact Andalusia Travel Tour"},{"@type":"BreadcrumbList","@id":"https:\/\/andalusiatraveltour.com\/es\/contacto\/#breadcrumb","itemListElement":[{"@type":"ListItem","position":1,"name":"Home","item":"https:\/\/andalusiatraveltour.com\/es\/"},{"@type":"ListItem","position":2,"name":"Cont\u00e1ctanos"}]},{"@type":"WebSite","@id":"https:\/\/andalusiatraveltour.com\/es\/#website","url":"https:\/\/andalusiatraveltour.com\/es\/","name":"Andalusia Travel Tour","description":"","publisher":{"@id":"https:\/\/andalusiatraveltour.com\/es\/#organization"},"potentialAction":[{"@type":"SearchAction","target":{"@type":"EntryPoint","urlTemplate":"https:\/\/andalusiatraveltour.com\/es\/?s={search_term_string}"},"query-input":{"@type":"PropertyValueSpecification","valueRequired":true,"valueName":"search_term_string"}}],"inLanguage":"es"},{"@type":"Organization","@id":"https:\/\/andalusiatraveltour.com\/es\/#organization","name":"Andalusia Travel Tour","url":"https:\/\/andalusiatraveltour.com\/es\/","logo":{"@type":"ImageObject","inLanguage":"es","@id":"https:\/\/andalusiatraveltour.com\/es\/#\/schema\/logo\/image\/","url":"https:\/\/andalusiatraveltour.com\/wp-content\/uploads\/2024\/02\/logo-andalusia-travel-tour-1.jpg","contentUrl":"https:\/\/andalusiatraveltour.com\/wp-content\/uploads\/2024\/02\/logo-andalusia-travel-tour-1.jpg","width":424,"height":128,"caption":"Andalusia Travel Tour"},"image":{"@id":"https:\/\/andalusiatraveltour.com\/es\/#\/schema\/logo\/image\/"}}]}},"_links":{"self":[{"href":"https:\/\/andalusiatraveltour.com\/es\/wp-json\/wp\/v2\/pages\/2569","targetHints":{"allow":["GET"]}}],"collection":[{"href":"https:\/\/andalusiatraveltour.com\/es\/wp-json\/wp\/v2\/pages"}],"about":[{"href":"https:\/\/andalusiatraveltour.com\/es\/wp-json\/wp\/v2\/types\/page"}],"author":[{"embeddable":true,"href":"https:\/\/andalusiatraveltour.com\/es\/wp-json\/wp\/v2\/users\/1"}],"replies":[{"embeddable":true,"href":"https:\/\/andalusiatraveltour.com\/es\/wp-json\/wp\/v2\/comments?post=2569"}],"version-history":[{"count":10,"href":"https:\/\/andalusiatraveltour.com\/es\/wp-json\/wp\/v2\/pages\/2569\/revisions"}],"predecessor-version":[{"id":8118,"href":"https:\/\/andalusiatraveltour.com\/es\/wp-json\/wp\/v2\/pages\/2569\/revisions\/8118"}],"wp:featuredmedia":[{"embeddable":true,"href":"https:\/\/andalusiatraveltour.com\/es\/wp-json\/wp\/v2\/media\/6635"}],"wp:attachment":[{"href":"https:\/\/andalusiatraveltour.com\/es\/wp-json\/wp\/v2\/media?parent=2569"}],"curies":[{"name":"wp","href":"https:\/\/api.w.org\/{rel}","templated":true}]}}