{"id":2565,"date":"2024-02-28T01:48:35","date_gmt":"2024-02-28T00:48:35","guid":{"rendered":"http:\/\/andalusiatraveltour.com\/blog\/"},"modified":"2025-02-25T14:40:45","modified_gmt":"2025-02-25T13:40:45","slug":"blog","status":"publish","type":"page","link":"https:\/\/andalusiatraveltour.com\/es\/blog\/","title":{"rendered":"Blog"},"content":{"rendered":"\t\t<div data-elementor-type=\"wp-page\" data-elementor-id=\"2565\" class=\"elementor elementor-2565 elementor-1130\" data-elementor-post-type=\"page\">\n\t\t\t\t<div class=\"elementor-element elementor-element-319f422 e-flex e-con-boxed e-con e-parent\" data-id=\"319f422\" data-element_type=\"container\" data-e-type=\"container\">\n\t\t\t\t\t<div class=\"e-con-inner\">\n\t\t<div class=\"elementor-element elementor-element-beb042a e-flex e-con-boxed e-con e-child\" data-id=\"beb042a\" data-element_type=\"container\" data-e-type=\"container\">\n\t\t\t\t\t<div class=\"e-con-inner\">\n\t\t\t\t<div class=\"elementor-element elementor-element-1031f426 elementor-posts--align-left elementor-widget__width-initial elementor-widget-mobile__width-inherit elementor-grid-3 elementor-grid-tablet-2 elementor-grid-mobile-1 elementor-posts--thumbnail-top elementor-widget elementor-widget-posts\" data-id=\"1031f426\" data-element_type=\"widget\" data-e-type=\"widget\" data-settings=\"{&quot;pagination_type&quot;:&quot;load_more_infinite_scroll&quot;,&quot;classic_columns&quot;:&quot;3&quot;,&quot;classic_columns_tablet&quot;:&quot;2&quot;,&quot;classic_columns_mobile&quot;:&quot;1&quot;,&quot;classic_row_gap&quot;:{&quot;unit&quot;:&quot;px&quot;,&quot;size&quot;:35,&quot;sizes&quot;:[]},&quot;classic_row_gap_widescreen&quot;:{&quot;unit&quot;:&quot;px&quot;,&quot;size&quot;:&quot;&quot;,&quot;sizes&quot;:[]},&quot;classic_row_gap_tablet&quot;:{&quot;unit&quot;:&quot;px&quot;,&quot;size&quot;:&quot;&quot;,&quot;sizes&quot;:[]},&quot;classic_row_gap_mobile&quot;:{&quot;unit&quot;:&quot;px&quot;,&quot;size&quot;:&quot;&quot;,&quot;sizes&quot;:[]},&quot;load_more_spinner&quot;:{&quot;value&quot;:&quot;fas fa-spinner&quot;,&quot;library&quot;:&quot;fa-solid&quot;}}\" data-widget_type=\"posts.classic\">\n\t\t\t\t<div class=\"elementor-widget-container\">\n\t\t\t\t\t\t\t<div class=\"elementor-posts-container elementor-posts elementor-posts--skin-classic elementor-grid\" role=\"list\">\n\t\t\t\t<article class=\"elementor-post elementor-grid-item post-10901 post type-post status-publish format-standard has-post-thumbnail hentry category-sin-categorizar\" role=\"listitem\">\n\t\t\t\t<a class=\"elementor-post__thumbnail__link\" href=\"https:\/\/andalusiatraveltour.com\/es\/mas-alla-de-rick-steves-descubre-la-verdadera-andalucia-expertos-locales\/\" tabindex=\"-1\" >\n\t\t\t<div class=\"elementor-post__thumbnail\"><img fetchpriority=\"high\" decoding=\"async\" width=\"2040\" height=\"942\" src=\"https:\/\/andalusiatraveltour.com\/wp-content\/uploads\/2025\/10\/Tours-In-Andalusia2.jpeg\" class=\"attachment-full size-full wp-image-10862\" alt=\"Rick steves andalucia\" srcset=\"https:\/\/andalusiatraveltour.com\/wp-content\/uploads\/2025\/10\/Tours-In-Andalusia2.jpeg 2040w, https:\/\/andalusiatraveltour.com\/wp-content\/uploads\/2025\/10\/Tours-In-Andalusia2-300x139.jpeg 300w, https:\/\/andalusiatraveltour.com\/wp-content\/uploads\/2025\/10\/Tours-In-Andalusia2-1024x473.jpeg 1024w, https:\/\/andalusiatraveltour.com\/wp-content\/uploads\/2025\/10\/Tours-In-Andalusia2-768x355.jpeg 768w, https:\/\/andalusiatraveltour.com\/wp-content\/uploads\/2025\/10\/Tours-In-Andalusia2-1536x709.jpeg 1536w\" sizes=\"(max-width: 2040px) 100vw, 2040px\" \/><\/div>\n\t\t<\/a>\n\t\t\t\t<div class=\"elementor-post__text\">\n\t\t\t\t<h3 class=\"elementor-post__title\">\n\t\t\t<a href=\"https:\/\/andalusiatraveltour.com\/es\/mas-alla-de-rick-steves-descubre-la-verdadera-andalucia-expertos-locales\/\" >\n\t\t\t\tM\u00e1s all\u00e1 de Rick Steves: Descubre la Verdadera Andaluc\u00eda | Expertos Locales\t\t\t<\/a>\n\t\t<\/h3>\n\t\t\t\t<div class=\"elementor-post__excerpt\">\n\t\t\t<p>Pocas figuras del mundo de los viajes han influido tanto en la forma en que los visitantes internacionales ven Espa\u00f1a como Rick Steves. Su amor por Andaluc\u00eda ha inspirado a<\/p>\n\t\t<\/div>\n\t\t\n\t\t<a class=\"elementor-post__read-more\" href=\"https:\/\/andalusiatraveltour.com\/es\/mas-alla-de-rick-steves-descubre-la-verdadera-andalucia-expertos-locales\/\" aria-label=\"Read more about M\u00e1s all\u00e1 de Rick Steves: Descubre la Verdadera Andaluc\u00eda | Expertos Locales\" tabindex=\"-1\" >\n\t\t\tLeer m\u00e1s \u00bb\t\t<\/a>\n\n\t\t\t\t<\/div>\n\t\t\t\t<\/article>\n\t\t\t\t<article class=\"elementor-post elementor-grid-item post-10052 post type-post status-publish format-standard has-post-thumbnail hentry category-sin-categorizar\" role=\"listitem\">\n\t\t\t\t<a class=\"elementor-post__thumbnail__link\" href=\"https:\/\/andalusiatraveltour.com\/es\/viajes-organizados-a-andalucia-2026\/\" tabindex=\"-1\" >\n\t\t\t<div class=\"elementor-post__thumbnail\"><img decoding=\"async\" width=\"2048\" height=\"1536\" src=\"https:\/\/andalusiatraveltour.com\/wp-content\/uploads\/2025\/09\/Alhambra-3.jpeg\" class=\"attachment-full size-full wp-image-11463\" alt=\"Escorted Tours in Spain\" srcset=\"https:\/\/andalusiatraveltour.com\/wp-content\/uploads\/2025\/09\/Alhambra-3.jpeg 2048w, https:\/\/andalusiatraveltour.com\/wp-content\/uploads\/2025\/09\/Alhambra-3-300x225.jpeg 300w, https:\/\/andalusiatraveltour.com\/wp-content\/uploads\/2025\/09\/Alhambra-3-1024x768.jpeg 1024w, https:\/\/andalusiatraveltour.com\/wp-content\/uploads\/2025\/09\/Alhambra-3-768x576.jpeg 768w, https:\/\/andalusiatraveltour.com\/wp-content\/uploads\/2025\/09\/Alhambra-3-1536x1152.jpeg 1536w\" sizes=\"(max-width: 2048px) 100vw, 2048px\" \/><\/div>\n\t\t<\/a>\n\t\t\t\t<div class=\"elementor-post__text\">\n\t\t\t\t<h3 class=\"elementor-post__title\">\n\t\t\t<a href=\"https:\/\/andalusiatraveltour.com\/es\/viajes-organizados-a-andalucia-2026\/\" >\n\t\t\t\tViajes Organizados a Andaluc\u00eda 2026\t\t\t<\/a>\n\t\t<\/h3>\n\t\t\t\t<div class=\"elementor-post__excerpt\">\n\t\t\t<p>Al planear unas vacaciones en Espa\u00f1a, Andaluc\u00eda se destaca como uno de los destinos m\u00e1s cautivadores de Europa. Nuestros viajes organizados a Andaluc\u00eda te permiten descubrirla como un local. Como<\/p>\n\t\t<\/div>\n\t\t\n\t\t<a class=\"elementor-post__read-more\" href=\"https:\/\/andalusiatraveltour.com\/es\/viajes-organizados-a-andalucia-2026\/\" aria-label=\"Read more about Viajes Organizados a Andaluc\u00eda 2026\" tabindex=\"-1\" >\n\t\t\tLeer m\u00e1s \u00bb\t\t<\/a>\n\n\t\t\t\t<\/div>\n\t\t\t\t<\/article>\n\t\t\t\t<article class=\"elementor-post elementor-grid-item post-10016 post type-post status-publish format-standard has-post-thumbnail hentry category-sin-categorizar\" role=\"listitem\">\n\t\t\t\t<a class=\"elementor-post__thumbnail__link\" href=\"https:\/\/andalusiatraveltour.com\/es\/planeando-un-viaje-a-andalucia\/\" tabindex=\"-1\" >\n\t\t\t<div class=\"elementor-post__thumbnail\"><img decoding=\"async\" width=\"1600\" height=\"1200\" src=\"https:\/\/andalusiatraveltour.com\/wp-content\/uploads\/2024\/06\/Alhambra-Tours-from-Motril2.jpeg\" class=\"attachment-full size-full wp-image-9535\" alt=\"Flying from New York to M\u00e1laga\" srcset=\"https:\/\/andalusiatraveltour.com\/wp-content\/uploads\/2024\/06\/Alhambra-Tours-from-Motril2.jpeg 1600w, https:\/\/andalusiatraveltour.com\/wp-content\/uploads\/2024\/06\/Alhambra-Tours-from-Motril2-300x225.jpeg 300w, https:\/\/andalusiatraveltour.com\/wp-content\/uploads\/2024\/06\/Alhambra-Tours-from-Motril2-1024x768.jpeg 1024w, https:\/\/andalusiatraveltour.com\/wp-content\/uploads\/2024\/06\/Alhambra-Tours-from-Motril2-768x576.jpeg 768w, https:\/\/andalusiatraveltour.com\/wp-content\/uploads\/2024\/06\/Alhambra-Tours-from-Motril2-1536x1152.jpeg 1536w\" sizes=\"(max-width: 1600px) 100vw, 1600px\" \/><\/div>\n\t\t<\/a>\n\t\t\t\t<div class=\"elementor-post__text\">\n\t\t\t\t<h3 class=\"elementor-post__title\">\n\t\t\t<a href=\"https:\/\/andalusiatraveltour.com\/es\/planeando-un-viaje-a-andalucia\/\" >\n\t\t\t\t\u00bfPlaneando un viaje a Andaluc\u00eda?\t\t\t<\/a>\n\t\t<\/h3>\n\t\t\t\t<div class=\"elementor-post__excerpt\">\n\t\t\t<p>Al planear un viaje a Andaluc\u00eda, lo mejor es decidir primero la \u00e9poca adecuada para visitar la regi\u00f3n: la primavera y el oto\u00f1o son ideales para evitar el calor del<\/p>\n\t\t<\/div>\n\t\t\n\t\t<a class=\"elementor-post__read-more\" href=\"https:\/\/andalusiatraveltour.com\/es\/planeando-un-viaje-a-andalucia\/\" aria-label=\"Read more about \u00bfPlaneando un viaje a Andaluc\u00eda?\" tabindex=\"-1\" >\n\t\t\tLeer m\u00e1s \u00bb\t\t<\/a>\n\n\t\t\t\t<\/div>\n\t\t\t\t<\/article>\n\t\t\t\t<article class=\"elementor-post elementor-grid-item post-9943 post type-post status-publish format-standard has-post-thumbnail hentry category-sin-categorizar\" role=\"listitem\">\n\t\t\t\t<a class=\"elementor-post__thumbnail__link\" href=\"https:\/\/andalusiatraveltour.com\/es\/dmc-andalucia\/\" tabindex=\"-1\" >\n\t\t\t<div class=\"elementor-post__thumbnail\"><img loading=\"lazy\" decoding=\"async\" width=\"2000\" height=\"1333\" src=\"https:\/\/andalusiatraveltour.com\/wp-content\/uploads\/2025\/08\/DMC-Spain-1.jpg\" class=\"attachment-full size-full wp-image-10814\" alt=\"DMC Andalusia\" srcset=\"https:\/\/andalusiatraveltour.com\/wp-content\/uploads\/2025\/08\/DMC-Spain-1.jpg 2000w, https:\/\/andalusiatraveltour.com\/wp-content\/uploads\/2025\/08\/DMC-Spain-1-300x200.jpg 300w, https:\/\/andalusiatraveltour.com\/wp-content\/uploads\/2025\/08\/DMC-Spain-1-1024x682.jpg 1024w, https:\/\/andalusiatraveltour.com\/wp-content\/uploads\/2025\/08\/DMC-Spain-1-768x512.jpg 768w, https:\/\/andalusiatraveltour.com\/wp-content\/uploads\/2025\/08\/DMC-Spain-1-1536x1024.jpg 1536w\" sizes=\"(max-width: 2000px) 100vw, 2000px\" \/><\/div>\n\t\t<\/a>\n\t\t\t\t<div class=\"elementor-post__text\">\n\t\t\t\t<h3 class=\"elementor-post__title\">\n\t\t\t<a href=\"https:\/\/andalusiatraveltour.com\/es\/dmc-andalucia\/\" >\n\t\t\t\tDMC Andaluc\u00eda\t\t\t<\/a>\n\t\t<\/h3>\n\t\t\t\t<div class=\"elementor-post__excerpt\">\n\t\t\t<p>Andalusia Travel Tour (ATT) es su socio DMC de confianza en Andaluc\u00eda, especializado en viajes de incentivo a medida y soluciones para eventos para operadores tur\u00edsticos, agencias de viajes y<\/p>\n\t\t<\/div>\n\t\t\n\t\t<a class=\"elementor-post__read-more\" href=\"https:\/\/andalusiatraveltour.com\/es\/dmc-andalucia\/\" aria-label=\"Read more about DMC Andaluc\u00eda\" tabindex=\"-1\" >\n\t\t\tLeer m\u00e1s \u00bb\t\t<\/a>\n\n\t\t\t\t<\/div>\n\t\t\t\t<\/article>\n\t\t\t\t<article class=\"elementor-post elementor-grid-item post-9915 post type-post status-publish format-standard has-post-thumbnail hentry category-sin-categorizar\" role=\"listitem\">\n\t\t\t\t<a class=\"elementor-post__thumbnail__link\" href=\"https:\/\/andalusiatraveltour.com\/es\/tour-privado-de-la-alhambra-granada\/\" tabindex=\"-1\" >\n\t\t\t<div class=\"elementor-post__thumbnail\"><img loading=\"lazy\" decoding=\"async\" width=\"2560\" height=\"1707\" src=\"https:\/\/andalusiatraveltour.com\/wp-content\/uploads\/2025\/08\/Alhambra-in-Granada-iStock-172221440-2-1-scaled.jpg\" class=\"attachment-full size-full wp-image-9906\" alt=\"Private Tour Alhambra Granada\" srcset=\"https:\/\/andalusiatraveltour.com\/wp-content\/uploads\/2025\/08\/Alhambra-in-Granada-iStock-172221440-2-1-scaled.jpg 2560w, https:\/\/andalusiatraveltour.com\/wp-content\/uploads\/2025\/08\/Alhambra-in-Granada-iStock-172221440-2-1-300x200.jpg 300w, https:\/\/andalusiatraveltour.com\/wp-content\/uploads\/2025\/08\/Alhambra-in-Granada-iStock-172221440-2-1-1024x683.jpg 1024w, https:\/\/andalusiatraveltour.com\/wp-content\/uploads\/2025\/08\/Alhambra-in-Granada-iStock-172221440-2-1-768x512.jpg 768w, https:\/\/andalusiatraveltour.com\/wp-content\/uploads\/2025\/08\/Alhambra-in-Granada-iStock-172221440-2-1-1536x1024.jpg 1536w, https:\/\/andalusiatraveltour.com\/wp-content\/uploads\/2025\/08\/Alhambra-in-Granada-iStock-172221440-2-1-2048x1365.jpg 2048w\" sizes=\"(max-width: 2560px) 100vw, 2560px\" \/><\/div>\n\t\t<\/a>\n\t\t\t\t<div class=\"elementor-post__text\">\n\t\t\t\t<h3 class=\"elementor-post__title\">\n\t\t\t<a href=\"https:\/\/andalusiatraveltour.com\/es\/tour-privado-de-la-alhambra-granada\/\" >\n\t\t\t\tTour Privado de la Alhambra, Granada<br>\t\t\t<\/a>\n\t\t<\/h3>\n\t\t\t\t<div class=\"elementor-post__excerpt\">\n\t\t\t<p>\u00bfBuscas un tour privado de la Alhambra en Granada? La Alhambra no es solo una fortaleza con palacios: fue una verdadera ciudad dentro de la ciudad, hogar de 1.000\u20132.000 habitantes.<\/p>\n\t\t<\/div>\n\t\t\n\t\t<a class=\"elementor-post__read-more\" href=\"https:\/\/andalusiatraveltour.com\/es\/tour-privado-de-la-alhambra-granada\/\" aria-label=\"Read more about Tour Privado de la Alhambra, Granada&lt;br&gt;\" tabindex=\"-1\" >\n\t\t\tLeer m\u00e1s \u00bb\t\t<\/a>\n\n\t\t\t\t<\/div>\n\t\t\t\t<\/article>\n\t\t\t\t<article class=\"elementor-post elementor-grid-item post-9884 post type-post status-publish format-standard has-post-thumbnail hentry category-sin-categorizar\" role=\"listitem\">\n\t\t\t\t<a class=\"elementor-post__thumbnail__link\" href=\"https:\/\/andalusiatraveltour.com\/es\/turismo-regenerativo-en-andalucia\/\" tabindex=\"-1\" >\n\t\t\t<div class=\"elementor-post__thumbnail\"><img loading=\"lazy\" decoding=\"async\" width=\"2560\" height=\"1707\" src=\"https:\/\/andalusiatraveltour.com\/wp-content\/uploads\/2025\/08\/RT1-scaled.jpg\" class=\"attachment-full size-full wp-image-9897\" alt=\"regenerative tourism\" srcset=\"https:\/\/andalusiatraveltour.com\/wp-content\/uploads\/2025\/08\/RT1-scaled.jpg 2560w, https:\/\/andalusiatraveltour.com\/wp-content\/uploads\/2025\/08\/RT1-300x200.jpg 300w, https:\/\/andalusiatraveltour.com\/wp-content\/uploads\/2025\/08\/RT1-1024x683.jpg 1024w, https:\/\/andalusiatraveltour.com\/wp-content\/uploads\/2025\/08\/RT1-768x512.jpg 768w, https:\/\/andalusiatraveltour.com\/wp-content\/uploads\/2025\/08\/RT1-1536x1024.jpg 1536w, https:\/\/andalusiatraveltour.com\/wp-content\/uploads\/2025\/08\/RT1-2048x1365.jpg 2048w\" sizes=\"(max-width: 2560px) 100vw, 2560px\" \/><\/div>\n\t\t<\/a>\n\t\t\t\t<div class=\"elementor-post__text\">\n\t\t\t\t<h3 class=\"elementor-post__title\">\n\t\t\t<a href=\"https:\/\/andalusiatraveltour.com\/es\/turismo-regenerativo-en-andalucia\/\" >\n\t\t\t\tTurismo Regenerativo en Andaluc\u00eda<br>\t\t\t<\/a>\n\t\t<\/h3>\n\t\t\t\t<div class=\"elementor-post__excerpt\">\n\t\t\t<p>Durante demasiado tiempo, viajar ha sido un intercambio: los visitantes se llevan grandes recuerdos, pero los lugares que visitan a menudo sufren el impacto de recibirlos. En Andalusia Travel Tour,<\/p>\n\t\t<\/div>\n\t\t\n\t\t<a class=\"elementor-post__read-more\" href=\"https:\/\/andalusiatraveltour.com\/es\/turismo-regenerativo-en-andalucia\/\" aria-label=\"Read more about Turismo Regenerativo en Andaluc\u00eda&lt;br&gt;\" tabindex=\"-1\" >\n\t\t\tLeer m\u00e1s \u00bb\t\t<\/a>\n\n\t\t\t\t<\/div>\n\t\t\t\t<\/article>\n\t\t\t\t<\/div>\n\t\t\t\t\t<span class=\"e-load-more-spinner\">\n\t\t\t\t<svg aria-hidden=\"true\" class=\"e-font-icon-svg e-fas-spinner\" viewBox=\"0 0 512 512\" xmlns=\"http:\/\/www.w3.org\/2000\/svg\"><path d=\"M304 48c0 26.51-21.49 48-48 48s-48-21.49-48-48 21.49-48 48-48 48 21.49 48 48zm-48 368c-26.51 0-48 21.49-48 48s21.49 48 48 48 48-21.49 48-48-21.49-48-48-48zm208-208c-26.51 0-48 21.49-48 48s21.49 48 48 48 48-21.49 48-48-21.49-48-48-48zM96 256c0-26.51-21.49-48-48-48S0 229.49 0 256s21.49 48 48 48 48-21.49 48-48zm12.922 99.078c-26.51 0-48 21.49-48 48s21.49 48 48 48 48-21.49 48-48c0-26.509-21.491-48-48-48zm294.156 0c-26.51 0-48 21.49-48 48s21.49 48 48 48 48-21.49 48-48c0-26.509-21.49-48-48-48zM108.922 60.922c-26.51 0-48 21.49-48 48s21.49 48 48 48 48-21.49 48-48-21.491-48-48-48z\"><\/path><\/svg>\t\t\t<\/span>\n\t\t\n\t\t\t\t<div class=\"e-load-more-anchor\" data-page=\"1\" data-max-page=\"6\" data-next-page=\"https:\/\/andalusiatraveltour.com\/es\/wp-json\/wp\/v2\/pages\/2565\/page\/2\/\"><\/div>\n\t\t\t\t<div class=\"e-load-more-message\"><\/div>\n\t\t\t\t\t\t<\/div>\n\t\t\t\t<\/div>\n\t\t\t\t\t<\/div>\n\t\t\t\t<\/div>\n\t\t\t\t\t<\/div>\n\t\t\t\t<\/div>\n\t\t\t\t<\/div>\n\t\t","protected":false},"excerpt":{"rendered":"","protected":false},"author":1,"featured_media":0,"parent":0,"menu_order":0,"comment_status":"closed","ping_status":"closed","template":"","meta":{"footnotes":""},"class_list":["post-2565","page","type-page","status-publish","hentry"],"yoast_head":"<!-- This site is optimized with the Yoast SEO plugin v27.4 - https:\/\/yoast.com\/product\/yoast-seo-wordpress\/ -->\n<title>Blog | Andalusia Travel Tour<\/title>\n<meta name=\"description\" content=\"\u00a1Bienvenido al blog de Andalusia Travel Tour! Descubre consejos locales, informaci\u00f3n privilegiada e inspiraci\u00f3n para viajes que te ayudar\u00e1n a aprovechar al m\u00e1ximo tu viaje a Espa\u00f1a\" \/>\n<meta name=\"robots\" content=\"index, follow, max-snippet:-1, max-image-preview:large, max-video-preview:-1\" \/>\n<link rel=\"canonical\" href=\"https:\/\/andalusiatraveltour.com\/es\/blog\/\" \/>\n<meta property=\"og:locale\" content=\"es_ES\" \/>\n<meta property=\"og:type\" content=\"article\" \/>\n<meta property=\"og:title\" content=\"Blog | Andalusia Travel Tour\" \/>\n<meta property=\"og:description\" content=\"\u00a1Bienvenido al blog de Andalusia Travel Tour! Descubre consejos locales, informaci\u00f3n privilegiada e inspiraci\u00f3n para viajes que te ayudar\u00e1n a aprovechar al m\u00e1ximo tu viaje a Espa\u00f1a\" \/>\n<meta property=\"og:url\" content=\"https:\/\/andalusiatraveltour.com\/es\/blog\/\" \/>\n<meta property=\"og:site_name\" content=\"Andalusia Travel Tour\" \/>\n<meta property=\"article:modified_time\" content=\"2025-02-25T13:40:45+00:00\" \/>\n<meta property=\"og:image\" content=\"https:\/\/andalusiatraveltour.com\/wp-content\/uploads\/2024\/03\/tours-granada-andalucia-espana.jpeg\" \/>\n\t<meta property=\"og:image:width\" content=\"1000\" \/>\n\t<meta property=\"og:image:height\" content=\"673\" \/>\n\t<meta property=\"og:image:type\" content=\"image\/jpeg\" \/>\n<meta name=\"twitter:card\" content=\"summary_large_image\" \/>\n<script type=\"application\/ld+json\" class=\"yoast-schema-graph\">{\"@context\":\"https:\\\/\\\/schema.org\",\"@graph\":[{\"@type\":\"WebPage\",\"@id\":\"https:\\\/\\\/andalusiatraveltour.com\\\/es\\\/blog\\\/\",\"url\":\"https:\\\/\\\/andalusiatraveltour.com\\\/es\\\/blog\\\/\",\"name\":\"Blog | Andalusia Travel Tour\",\"isPartOf\":{\"@id\":\"https:\\\/\\\/andalusiatraveltour.com\\\/es\\\/#website\"},\"datePublished\":\"2024-02-28T00:48:35+00:00\",\"dateModified\":\"2025-02-25T13:40:45+00:00\",\"description\":\"\u00a1Bienvenido al blog de Andalusia Travel Tour! Descubre consejos locales, informaci\u00f3n privilegiada e inspiraci\u00f3n para viajes que te ayudar\u00e1n a aprovechar al m\u00e1ximo tu viaje a Espa\u00f1a\",\"breadcrumb\":{\"@id\":\"https:\\\/\\\/andalusiatraveltour.com\\\/es\\\/blog\\\/#breadcrumb\"},\"inLanguage\":\"es\",\"potentialAction\":[{\"@type\":\"ReadAction\",\"target\":[\"https:\\\/\\\/andalusiatraveltour.com\\\/es\\\/blog\\\/\"]}]},{\"@type\":\"BreadcrumbList\",\"@id\":\"https:\\\/\\\/andalusiatraveltour.com\\\/es\\\/blog\\\/#breadcrumb\",\"itemListElement\":[{\"@type\":\"ListItem\",\"position\":1,\"name\":\"Home\",\"item\":\"https:\\\/\\\/andalusiatraveltour.com\\\/es\\\/\"},{\"@type\":\"ListItem\",\"position\":2,\"name\":\"Blog\"}]},{\"@type\":\"WebSite\",\"@id\":\"https:\\\/\\\/andalusiatraveltour.com\\\/es\\\/#website\",\"url\":\"https:\\\/\\\/andalusiatraveltour.com\\\/es\\\/\",\"name\":\"Andalusia Travel Tour\",\"description\":\"\",\"publisher\":{\"@id\":\"https:\\\/\\\/andalusiatraveltour.com\\\/es\\\/#organization\"},\"potentialAction\":[{\"@type\":\"SearchAction\",\"target\":{\"@type\":\"EntryPoint\",\"urlTemplate\":\"https:\\\/\\\/andalusiatraveltour.com\\\/es\\\/?s={search_term_string}\"},\"query-input\":{\"@type\":\"PropertyValueSpecification\",\"valueRequired\":true,\"valueName\":\"search_term_string\"}}],\"inLanguage\":\"es\"},{\"@type\":\"Organization\",\"@id\":\"https:\\\/\\\/andalusiatraveltour.com\\\/es\\\/#organization\",\"name\":\"Andalusia Travel Tour\",\"url\":\"https:\\\/\\\/andalusiatraveltour.com\\\/es\\\/\",\"logo\":{\"@type\":\"ImageObject\",\"inLanguage\":\"es\",\"@id\":\"https:\\\/\\\/andalusiatraveltour.com\\\/es\\\/#\\\/schema\\\/logo\\\/image\\\/\",\"url\":\"https:\\\/\\\/andalusiatraveltour.com\\\/wp-content\\\/uploads\\\/2024\\\/02\\\/logo-andalusia-travel-tour-1.jpg\",\"contentUrl\":\"https:\\\/\\\/andalusiatraveltour.com\\\/wp-content\\\/uploads\\\/2024\\\/02\\\/logo-andalusia-travel-tour-1.jpg\",\"width\":424,\"height\":128,\"caption\":\"Andalusia Travel Tour\"},\"image\":{\"@id\":\"https:\\\/\\\/andalusiatraveltour.com\\\/es\\\/#\\\/schema\\\/logo\\\/image\\\/\"}}]}<\/script>\n<!-- \/ Yoast SEO plugin. -->","yoast_head_json":{"title":"Blog | Andalusia Travel Tour","description":"\u00a1Bienvenido al blog de Andalusia Travel Tour! Descubre consejos locales, informaci\u00f3n privilegiada e inspiraci\u00f3n para viajes que te ayudar\u00e1n a aprovechar al m\u00e1ximo tu viaje a Espa\u00f1a","robots":{"index":"index","follow":"follow","max-snippet":"max-snippet:-1","max-image-preview":"max-image-preview:large","max-video-preview":"max-video-preview:-1"},"canonical":"https:\/\/andalusiatraveltour.com\/es\/blog\/","og_locale":"es_ES","og_type":"article","og_title":"Blog | Andalusia Travel Tour","og_description":"\u00a1Bienvenido al blog de Andalusia Travel Tour! Descubre consejos locales, informaci\u00f3n privilegiada e inspiraci\u00f3n para viajes que te ayudar\u00e1n a aprovechar al m\u00e1ximo tu viaje a Espa\u00f1a","og_url":"https:\/\/andalusiatraveltour.com\/es\/blog\/","og_site_name":"Andalusia Travel Tour","article_modified_time":"2025-02-25T13:40:45+00:00","og_image":[{"width":1000,"height":673,"url":"https:\/\/andalusiatraveltour.com\/wp-content\/uploads\/2024\/03\/tours-granada-andalucia-espana.jpeg","type":"image\/jpeg"}],"twitter_card":"summary_large_image","schema":{"@context":"https:\/\/schema.org","@graph":[{"@type":"WebPage","@id":"https:\/\/andalusiatraveltour.com\/es\/blog\/","url":"https:\/\/andalusiatraveltour.com\/es\/blog\/","name":"Blog | Andalusia Travel Tour","isPartOf":{"@id":"https:\/\/andalusiatraveltour.com\/es\/#website"},"datePublished":"2024-02-28T00:48:35+00:00","dateModified":"2025-02-25T13:40:45+00:00","description":"\u00a1Bienvenido al blog de Andalusia Travel Tour! Descubre consejos locales, informaci\u00f3n privilegiada e inspiraci\u00f3n para viajes que te ayudar\u00e1n a aprovechar al m\u00e1ximo tu viaje a Espa\u00f1a","breadcrumb":{"@id":"https:\/\/andalusiatraveltour.com\/es\/blog\/#breadcrumb"},"inLanguage":"es","potentialAction":[{"@type":"ReadAction","target":["https:\/\/andalusiatraveltour.com\/es\/blog\/"]}]},{"@type":"BreadcrumbList","@id":"https:\/\/andalusiatraveltour.com\/es\/blog\/#breadcrumb","itemListElement":[{"@type":"ListItem","position":1,"name":"Home","item":"https:\/\/andalusiatraveltour.com\/es\/"},{"@type":"ListItem","position":2,"name":"Blog"}]},{"@type":"WebSite","@id":"https:\/\/andalusiatraveltour.com\/es\/#website","url":"https:\/\/andalusiatraveltour.com\/es\/","name":"Andalusia Travel Tour","description":"","publisher":{"@id":"https:\/\/andalusiatraveltour.com\/es\/#organization"},"potentialAction":[{"@type":"SearchAction","target":{"@type":"EntryPoint","urlTemplate":"https:\/\/andalusiatraveltour.com\/es\/?s={search_term_string}"},"query-input":{"@type":"PropertyValueSpecification","valueRequired":true,"valueName":"search_term_string"}}],"inLanguage":"es"},{"@type":"Organization","@id":"https:\/\/andalusiatraveltour.com\/es\/#organization","name":"Andalusia Travel Tour","url":"https:\/\/andalusiatraveltour.com\/es\/","logo":{"@type":"ImageObject","inLanguage":"es","@id":"https:\/\/andalusiatraveltour.com\/es\/#\/schema\/logo\/image\/","url":"https:\/\/andalusiatraveltour.com\/wp-content\/uploads\/2024\/02\/logo-andalusia-travel-tour-1.jpg","contentUrl":"https:\/\/andalusiatraveltour.com\/wp-content\/uploads\/2024\/02\/logo-andalusia-travel-tour-1.jpg","width":424,"height":128,"caption":"Andalusia Travel Tour"},"image":{"@id":"https:\/\/andalusiatraveltour.com\/es\/#\/schema\/logo\/image\/"}}]}},"_links":{"self":[{"href":"https:\/\/andalusiatraveltour.com\/es\/wp-json\/wp\/v2\/pages\/2565","targetHints":{"allow":["GET"]}}],"collection":[{"href":"https:\/\/andalusiatraveltour.com\/es\/wp-json\/wp\/v2\/pages"}],"about":[{"href":"https:\/\/andalusiatraveltour.com\/es\/wp-json\/wp\/v2\/types\/page"}],"author":[{"embeddable":true,"href":"https:\/\/andalusiatraveltour.com\/es\/wp-json\/wp\/v2\/users\/1"}],"replies":[{"embeddable":true,"href":"https:\/\/andalusiatraveltour.com\/es\/wp-json\/wp\/v2\/comments?post=2565"}],"version-history":[{"count":11,"href":"https:\/\/andalusiatraveltour.com\/es\/wp-json\/wp\/v2\/pages\/2565\/revisions"}],"predecessor-version":[{"id":6875,"href":"https:\/\/andalusiatraveltour.com\/es\/wp-json\/wp\/v2\/pages\/2565\/revisions\/6875"}],"wp:attachment":[{"href":"https:\/\/andalusiatraveltour.com\/es\/wp-json\/wp\/v2\/media?parent=2565"}],"curies":[{"name":"wp","href":"https:\/\/api.w.org\/{rel}","templated":true}]}}