{"id":2112,"date":"2024-03-07T16:21:47","date_gmt":"2024-03-07T15:21:47","guid":{"rendered":"http:\/\/andalusiatraveltour.com\/sobre-nosotros\/"},"modified":"2025-02-27T22:28:55","modified_gmt":"2025-02-27T21:28:55","slug":"sobre-nosotros","status":"publish","type":"page","link":"https:\/\/andalusiatraveltour.com\/es\/sobre-nosotros\/","title":{"rendered":"Sobre nosotros"},"content":{"rendered":"\t\t<div data-elementor-type=\"wp-page\" data-elementor-id=\"2112\" class=\"elementor elementor-2112 elementor-1763\" data-elementor-post-type=\"page\">\n\t\t\t\t<div class=\"elementor-element elementor-element-9fac051 e-flex e-con-boxed e-con e-parent\" data-id=\"9fac051\" data-element_type=\"container\" data-e-type=\"container\">\n\t\t\t\t\t<div class=\"e-con-inner\">\n\t\t<div class=\"elementor-element elementor-element-05661d4 e-con-full e-flex e-con e-child\" data-id=\"05661d4\" data-element_type=\"container\" data-e-type=\"container\">\n\t\t\t\t<div class=\"elementor-element elementor-element-bff3e8f elementor-widget elementor-widget-text-editor\" data-id=\"bff3e8f\" data-element_type=\"widget\" data-e-type=\"widget\" data-widget_type=\"text-editor.default\">\n\t\t\t\t<div class=\"elementor-widget-container\">\n\t\t\t\t\t\t\t\t\t<h3>Sobre nosotros<\/h3>\n\t\t\t\t\t\t\t\t<\/div>\n\t\t\t\t<\/div>\n\t\t\t\t<div class=\"elementor-element elementor-element-99b12c4 elementor-widget elementor-widget-text-editor\" data-id=\"99b12c4\" data-element_type=\"widget\" data-e-type=\"widget\" data-widget_type=\"text-editor.default\">\n\t\t\t\t<div class=\"elementor-widget-container\">\n\t\t\t\t\t\t\t\t\t<h4 data-start=\"131\" data-end=\"480\"><span style=\"letter-spacing: 0.17px;\">Agencia de Viajes y Tour Operador<\/span><\/h4>\n<p data-start=\"131\" data-end=\"480\">Como agencia de viajes y tour operador l\u00edder, nuestros fundadores cuentan con experiencia internacional y m\u00e1ster en la <a href=\"https:\/\/www.york.ac.uk\/\" target=\"_blank\" rel=\"noopener\">Universidad de York<\/a>. En <strong data-start=\"138\" data-end=\"169\">Andalusia Travel Tour (ATT)<\/strong>, con sede en el sur de Espa\u00f1a, ofrecemos <span data-start=\"262\" data-end=\"296\">soluciones integrales<\/span> como <strong data-start=\"302\" data-end=\"342\">Destination Management Company (DMC)<\/strong>, dise\u00f1ando <strong data-start=\"353\" data-end=\"420\">paquetes para grupos, viajes corporativos y programas de incentivos<\/strong>. Nuestro objetivo es crear <span data-start=\"444\" data-end=\"477\">experiencias de alto valor<\/span>.   <\/p>\n<p data-start=\"482\" data-end=\"1102\">Contamos con gu\u00edas oficiales que tienen experiencia acreditada (NPS &gt; 80), ofrecemos una perspectiva local \u00fanica del sur de Espa\u00f1a. Adem\u00e1s, acostumbrados a trabajar con clientes de todo el mundo, cumplimos con plazos ajustados mientras mantenemos altos est\u00e1ndares. Nuestra experiencia nos permite crear servicios que van m\u00e1s all\u00e1 de las rutas t\u00edpicas. En \u00faltima instancia, este compromiso con un servicio personalizado y de alta calidad refleja la esencia de Andaluc\u00eda, posicion\u00e1ndonos como sus <strong>socios de confianza<\/strong>.   <\/p>\n\t\t\t\t\t\t\t\t<\/div>\n\t\t\t\t<\/div>\n\t\t\t\t<div class=\"elementor-element elementor-element-62b61ae elementor-widget elementor-widget-image\" data-id=\"62b61ae\" data-element_type=\"widget\" data-e-type=\"widget\" data-widget_type=\"image.default\">\n\t\t\t\t<div class=\"elementor-widget-container\">\n\t\t\t\t\t\t\t\t\t\t\t\t\t\t\t<img fetchpriority=\"high\" decoding=\"async\" width=\"2560\" height=\"1920\" src=\"https:\/\/andalusiatraveltour.com\/wp-content\/uploads\/2024\/02\/Our-values-1-option-scaled.jpg\" class=\"attachment-full size-full wp-image-2863\" alt=\"Andalusia Travel Tour\" srcset=\"https:\/\/andalusiatraveltour.com\/wp-content\/uploads\/2024\/02\/Our-values-1-option-scaled.jpg 2560w, https:\/\/andalusiatraveltour.com\/wp-content\/uploads\/2024\/02\/Our-values-1-option-300x225.jpg 300w, https:\/\/andalusiatraveltour.com\/wp-content\/uploads\/2024\/02\/Our-values-1-option-1024x768.jpg 1024w, https:\/\/andalusiatraveltour.com\/wp-content\/uploads\/2024\/02\/Our-values-1-option-768x576.jpg 768w, https:\/\/andalusiatraveltour.com\/wp-content\/uploads\/2024\/02\/Our-values-1-option-1536x1152.jpg 1536w, https:\/\/andalusiatraveltour.com\/wp-content\/uploads\/2024\/02\/Our-values-1-option-2048x1536.jpg 2048w\" sizes=\"(max-width: 2560px) 100vw, 2560px\" \/>\t\t\t\t\t\t\t\t\t\t\t\t\t\t\t<\/div>\n\t\t\t\t<\/div>\n\t\t\t\t<div class=\"elementor-element elementor-element-0c19ec4 elementor-widget elementor-widget-text-editor\" data-id=\"0c19ec4\" data-element_type=\"widget\" data-e-type=\"widget\" data-widget_type=\"text-editor.default\">\n\t\t\t\t<div class=\"elementor-widget-container\">\n\t\t\t\t\t\t\t\t\t<p data-start=\"1104\" data-end=\"1362\">Como <strong data-start=\"1117\" data-end=\"1152\">agencia de viajes y tour operador<\/strong> de confianza, ofrecemos una variedad de paquetes tur\u00edsticos adaptados a distintos intereses y preferencias. Ya sea que busquen inmersi\u00f3n cultural, aventura o relajaci\u00f3n, nuestros tours les proporcionar\u00e1n una experiencia excepcional. <\/p>\n<p data-start=\"1364\" data-end=\"1722\">Comprometidos con el <strong data-start=\"1377\" data-end=\"1400\">turismo sostenible<\/strong>, dise\u00f1amos tours que minimizan el impacto ambiental mientras <strong data-start=\"1463\" data-end=\"1511\">contribuimos positivamente a las comunidades locales<\/strong>. En nuestros tours en grupo, puedes esperar atenci\u00f3n personalizada y una experiencia de viaje \u00edntima. Por lo tanto, nos aseguramos de que cada viajero disfrute de un servicio de alta calidad, involucr\u00e1ndose profundamente con la cultura y las tradiciones locales.  <\/p>\n<p data-start=\"1724\" data-end=\"1781\">\u00a1Cont\u00e1ctanos hoy y te responderemos en menos de 24 horas!<\/p>\n\t\t\t\t\t\t\t\t<\/div>\n\t\t\t\t<\/div>\n\t\t\t\t<div class=\"elementor-element elementor-element-ca2dfac elementor-widget elementor-widget-video\" data-id=\"ca2dfac\" data-element_type=\"widget\" data-e-type=\"widget\" data-settings=\"{&quot;youtube_url&quot;:&quot;https:\\\/\\\/youtu.be\\\/hb_dkNJ6ggQ&quot;,&quot;video_type&quot;:&quot;youtube&quot;,&quot;controls&quot;:&quot;yes&quot;}\" data-widget_type=\"video.default\">\n\t\t\t\t<div class=\"elementor-widget-container\">\n\t\t\t\t\t\t\t<div class=\"elementor-wrapper elementor-open-inline\">\n\t\t\t<div class=\"elementor-video\"><\/div>\t\t<\/div>\n\t\t\t\t\t\t<\/div>\n\t\t\t\t<\/div>\n\t\t\t\t<div class=\"elementor-element elementor-element-b5e7a01 elementor-widget elementor-widget-text-editor\" data-id=\"b5e7a01\" data-element_type=\"widget\" data-e-type=\"widget\" data-widget_type=\"text-editor.default\">\n\t\t\t\t<div class=\"elementor-widget-container\">\n\t\t\t\t\t\t\t\t\t<h4>Destination Management Company en Espa\u00f1a<\/h4>\n<p>Si eres un profesional del turismo, como una agencia de viajes, tour operador o DMC, podemos ayudarte. Si buscas organizar un viaje en grupo por Andaluc\u00eda, no dudes en contactarnos. Como expertos en viajes por Espa\u00f1a, estamos aqu\u00ed para asistirte. Nuestro objetivo es ayudarte a planificar un viaje excepcional. Para m\u00e1s detalles, visita nuestra <a href=\"https:\/\/andalusiatraveltour.com\/es\/agencias-de-viajes-b2b\/\" target=\"_blank\" rel=\"noopener\">secci\u00f3n B2B<\/a>.    <\/p>\n<p>Para concluir, somos una agencia de viajes, tour operador y DMC de confianza con sede en el sur de Espa\u00f1a. Nos especializamos en paquetes B2B, viajes corporativos y programas de incentivos. Adem\u00e1s, nuestro equipo cuenta con experiencia internacional. Como resultado, dise\u00f1amos programas a medida que ofrecen una aut\u00e9ntica inmersi\u00f3n local. Asimismo, brindamos experiencias exclusivas y comunicaci\u00f3n constante con nuestros clientes.    <\/p>\n\t\t\t\t\t\t\t\t<\/div>\n\t\t\t\t<\/div>\n\t\t\t\t<\/div>\n\t\t<div class=\"elementor-element elementor-element-941ddb2 e-con-full e-flex e-con e-child\" data-id=\"941ddb2\" data-element_type=\"container\" data-e-type=\"container\" data-settings=\"{&quot;background_background&quot;:&quot;classic&quot;,&quot;sticky&quot;:&quot;top&quot;,&quot;sticky_parent&quot;:&quot;yes&quot;,&quot;sticky_on&quot;:[&quot;widescreen&quot;,&quot;desktop&quot;,&quot;tablet&quot;,&quot;mobile&quot;],&quot;sticky_offset&quot;:0,&quot;sticky_effects_offset&quot;:0,&quot;sticky_anchor_link_offset&quot;:0}\">\n\t\t<div class=\"elementor-element elementor-element-f41b84b e-flex e-con-boxed e-con e-child\" data-id=\"f41b84b\" data-element_type=\"container\" data-e-type=\"container\">\n\t\t\t\t\t<div class=\"e-con-inner\">\n\t\t\t\t<div class=\"elementor-element elementor-element-2c608dd9 elementor-widget elementor-widget-image\" data-id=\"2c608dd9\" data-element_type=\"widget\" data-e-type=\"widget\" data-widget_type=\"image.default\">\n\t\t\t\t<div class=\"elementor-widget-container\">\n\t\t\t\t\t\t\t\t\t\t\t\t\t\t\t<img decoding=\"async\" width=\"400\" height=\"400\" src=\"https:\/\/andalusiatraveltour.com\/wp-content\/uploads\/2024\/02\/ricardo-franco-andalusia-tour-guide.jpg\" class=\"attachment-full size-full wp-image-1613\" alt=\"Andalusia Travel Tour, corporate\" srcset=\"https:\/\/andalusiatraveltour.com\/wp-content\/uploads\/2024\/02\/ricardo-franco-andalusia-tour-guide.jpg 400w, https:\/\/andalusiatraveltour.com\/wp-content\/uploads\/2024\/02\/ricardo-franco-andalusia-tour-guide-300x300.jpg 300w, https:\/\/andalusiatraveltour.com\/wp-content\/uploads\/2024\/02\/ricardo-franco-andalusia-tour-guide-150x150.jpg 150w\" sizes=\"(max-width: 400px) 100vw, 400px\" \/>\t\t\t\t\t\t\t\t\t\t\t\t\t\t\t<\/div>\n\t\t\t\t<\/div>\n\t\t<div class=\"elementor-element elementor-element-67fd575a e-con-full e-flex e-con e-child\" data-id=\"67fd575a\" data-element_type=\"container\" data-e-type=\"container\">\n\t\t\t\t<div class=\"elementor-element elementor-element-7a1a2e75 elementor-widget elementor-widget-heading\" data-id=\"7a1a2e75\" data-element_type=\"widget\" data-e-type=\"widget\" data-widget_type=\"heading.default\">\n\t\t\t\t<div class=\"elementor-widget-container\">\n\t\t\t\t\t<h2 class=\"elementor-heading-title elementor-size-default\">Cont\u00e1ctanos<\/h2>\t\t\t\t<\/div>\n\t\t\t\t<\/div>\n\t\t\t\t<div class=\"elementor-element elementor-element-49c2666 elementor-widget elementor-widget-heading\" data-id=\"49c2666\" data-element_type=\"widget\" data-e-type=\"widget\" data-widget_type=\"heading.default\">\n\t\t\t\t<div class=\"elementor-widget-container\">\n\t\t\t\t\t<h2 class=\"elementor-heading-title elementor-size-default\">Ricardo Franco<\/h2>\t\t\t\t<\/div>\n\t\t\t\t<\/div>\n\t\t\t\t<div class=\"elementor-element elementor-element-e0ad5f1 elementor-widget elementor-widget-text-editor\" data-id=\"e0ad5f1\" data-element_type=\"widget\" data-e-type=\"widget\" data-widget_type=\"text-editor.default\">\n\t\t\t\t<div class=\"elementor-widget-container\">\n\t\t\t\t\t\t\t\t\t<p>Estoy aqu\u00ed para facilitarte toda la informaci\u00f3n que necesites<\/p>\n\t\t\t\t\t\t\t\t<\/div>\n\t\t\t\t<\/div>\n\t\t\t\t<\/div>\n\t\t\t\t\t<\/div>\n\t\t\t\t<\/div>\n\t\t<div class=\"elementor-element elementor-element-4d519c80 e-flex e-con-boxed e-con e-child\" data-id=\"4d519c80\" data-element_type=\"container\" data-e-type=\"container\">\n\t\t\t\t\t<div class=\"e-con-inner\">\n\t\t\t\t<div class=\"elementor-element elementor-element-59a9f3f0 elementor-widget elementor-widget-shortcode\" data-id=\"59a9f3f0\" data-element_type=\"widget\" data-e-type=\"widget\" data-widget_type=\"shortcode.default\">\n\t\t\t\t<div class=\"elementor-widget-container\">\n\t\t\t\t\t\t\t<div class=\"elementor-shortcode\">\n<div class=\"wpcf7 no-js\" id=\"wpcf7-f3620-o1\" lang=\"es-ES\" dir=\"ltr\" data-wpcf7-id=\"3620\">\n<div class=\"screen-reader-response\"><p role=\"status\" aria-live=\"polite\" aria-atomic=\"true\"><\/p> <ul><\/ul><\/div>\n<form action=\"\/es\/wp-json\/wp\/v2\/pages\/2112#wpcf7-f3620-o1\" method=\"post\" class=\"wpcf7-form init\" aria-label=\"Formulario de contacto\" novalidate=\"novalidate\" data-status=\"init\">\n<fieldset class=\"hidden-fields-container\"><input type=\"hidden\" name=\"_wpcf7\" value=\"3620\" \/><input type=\"hidden\" name=\"_wpcf7_version\" value=\"6.1.5\" \/><input type=\"hidden\" name=\"_wpcf7_locale\" value=\"es_ES\" \/><input type=\"hidden\" name=\"_wpcf7_unit_tag\" value=\"wpcf7-f3620-o1\" \/><input type=\"hidden\" name=\"_wpcf7_container_post\" value=\"0\" \/><input type=\"hidden\" name=\"_wpcf7_posted_data_hash\" value=\"\" \/>\n<\/fieldset>\n<div class=\"flex_\">\n<label> Nombre*\n    <span class=\"wpcf7-form-control-wrap\" data-name=\"your-name\"><input size=\"40\" maxlength=\"400\" class=\"wpcf7-form-control wpcf7-text wpcf7-validates-as-required\" autocomplete=\"name\" aria-required=\"true\" aria-invalid=\"false\" value=\"\" type=\"text\" name=\"your-name\" \/><\/span> <\/label>\n\n<label> Email*\n    <span class=\"wpcf7-form-control-wrap\" data-name=\"your-email\"><input size=\"40\" maxlength=\"400\" class=\"wpcf7-form-control wpcf7-email wpcf7-validates-as-required wpcf7-text wpcf7-validates-as-email\" autocomplete=\"email\" aria-required=\"true\" aria-invalid=\"false\" value=\"\" type=\"email\" name=\"your-email\" \/><\/span> <\/label>\n<\/div>\n<div class=\"flex_\">\n<label> Tel\u00e9fono\n    <span class=\"wpcf7-form-control-wrap\" data-name=\"your-phone\"><input size=\"40\" maxlength=\"400\" class=\"wpcf7-form-control wpcf7-tel wpcf7-text wpcf7-validates-as-tel\" autocomplete=\"phone\" aria-invalid=\"false\" value=\"\" type=\"tel\" name=\"your-phone\" \/><\/span> <\/label>\n\n<label> Pa\u00eds\n    <span class=\"wpcf7-form-control-wrap\" data-name=\"your-country\"><input size=\"40\" maxlength=\"400\" class=\"wpcf7-form-control wpcf7-text\" autocomplete=\"country\" aria-invalid=\"false\" value=\"\" type=\"text\" name=\"your-country\" \/><\/span> <\/label>\n<\/div>\n\n<label class=\"hide_me\"> Mensaje\n    <span class=\"wpcf7-form-control-wrap\" data-name=\"your-message\"><textarea cols=\"40\" rows=\"10\" maxlength=\"2000\" class=\"wpcf7-form-control wpcf7-textarea\" aria-invalid=\"false\" name=\"your-message\"><\/textarea><\/span> <\/label>\n\n<span class=\"wpcf7-form-control-wrap\" data-name=\"acceptance-98\"><span class=\"wpcf7-form-control wpcf7-acceptance optional\"><span class=\"wpcf7-list-item\"><label><input type=\"checkbox\" name=\"acceptance-98\" value=\"1\" aria-invalid=\"false\" \/><span class=\"wpcf7-list-item-label\">He le\u00eddo y acepto la <a target=\"_blank\" href=\"http:\/\/andalusiatraveltour.com\/privacy-policy\/\">Pol\u00edtica de Privacidad<\/a><\/span><\/label><\/span><\/span><\/span>\n\n<input class=\"wpcf7-form-control wpcf7-submit has-spinner\" type=\"submit\" value=\"Enviar\" \/><div class=\"wpcf7-response-output\" aria-hidden=\"true\"><\/div>\n<\/form>\n<\/div>\n<\/div>\n\t\t\t\t\t\t<\/div>\n\t\t\t\t<\/div>\n\t\t\t\t\t<\/div>\n\t\t\t\t<\/div>\n\t\t\t\t<\/div>\n\t\t\t\t\t<\/div>\n\t\t\t\t<\/div>\n\t\t\t\t<\/div>\n\t\t","protected":false},"excerpt":{"rendered":"<p>Sobre nosotros Agencia de Viajes y Tour Operador Como agencia de viajes y tour operador l\u00edder, nuestros fundadores cuentan con experiencia internacional y m\u00e1ster en la Universidad de York. En Andalusia Travel Tour (ATT), con sede en el sur de Espa\u00f1a, ofrecemos soluciones integrales como Destination Management Company (DMC), dise\u00f1ando paquetes para grupos, viajes corporativos [&hellip;]<\/p>\n","protected":false},"author":1,"featured_media":7276,"parent":0,"menu_order":0,"comment_status":"closed","ping_status":"closed","template":"elementor_header_footer","meta":{"footnotes":""},"class_list":["post-2112","page","type-page","status-publish","has-post-thumbnail","hentry"],"yoast_head":"<!-- This site is optimized with the Yoast SEO plugin v27.4 - https:\/\/yoast.com\/product\/yoast-seo-wordpress\/ -->\n<title>Sobre nosotros | Andalusia Travel Tour<\/title>\n<meta name=\"description\" content=\"Agencia de Viajes y Tour Operador, Andalusia Travel Tour (ATT), es un proveedor l\u00edder en el sur de Espa\u00f1a. Cont\u00e1ctanos para planificar tu viaje\" \/>\n<meta name=\"robots\" content=\"index, follow, max-snippet:-1, max-image-preview:large, max-video-preview:-1\" \/>\n<link rel=\"canonical\" href=\"https:\/\/andalusiatraveltour.com\/es\/sobre-nosotros\/\" \/>\n<meta property=\"og:locale\" content=\"es_ES\" \/>\n<meta property=\"og:type\" content=\"article\" \/>\n<meta property=\"og:title\" content=\"Sobre nosotros | Andalusia Travel Tour\" \/>\n<meta property=\"og:description\" content=\"Agencia de Viajes y Tour Operador, Andalusia Travel Tour (ATT), es un proveedor l\u00edder en el sur de Espa\u00f1a. Cont\u00e1ctanos para planificar tu viaje\" \/>\n<meta property=\"og:url\" content=\"https:\/\/andalusiatraveltour.com\/es\/sobre-nosotros\/\" \/>\n<meta property=\"og:site_name\" content=\"Andalusia Travel Tour\" \/>\n<meta property=\"article:modified_time\" content=\"2025-02-27T21:28:55+00:00\" \/>\n<meta property=\"og:image\" content=\"https:\/\/andalusiatraveltour.com\/wp-content\/uploads\/2025\/02\/Travel-Agency-and-Tour-Operator.jpg\" \/>\n\t<meta property=\"og:image:width\" content=\"1280\" \/>\n\t<meta property=\"og:image:height\" content=\"720\" \/>\n\t<meta property=\"og:image:type\" content=\"image\/jpeg\" \/>\n<meta name=\"twitter:card\" content=\"summary_large_image\" \/>\n<meta name=\"twitter:label1\" content=\"Tiempo de lectura\" \/>\n\t<meta name=\"twitter:data1\" content=\"3 minutos\" \/>\n<script type=\"application\/ld+json\" class=\"yoast-schema-graph\">{\"@context\":\"https:\\\/\\\/schema.org\",\"@graph\":[{\"@type\":\"WebPage\",\"@id\":\"https:\\\/\\\/andalusiatraveltour.com\\\/es\\\/sobre-nosotros\\\/\",\"url\":\"https:\\\/\\\/andalusiatraveltour.com\\\/es\\\/sobre-nosotros\\\/\",\"name\":\"Sobre nosotros | Andalusia Travel Tour\",\"isPartOf\":{\"@id\":\"https:\\\/\\\/andalusiatraveltour.com\\\/es\\\/#website\"},\"primaryImageOfPage\":{\"@id\":\"https:\\\/\\\/andalusiatraveltour.com\\\/es\\\/sobre-nosotros\\\/#primaryimage\"},\"image\":{\"@id\":\"https:\\\/\\\/andalusiatraveltour.com\\\/es\\\/sobre-nosotros\\\/#primaryimage\"},\"thumbnailUrl\":\"https:\\\/\\\/andalusiatraveltour.com\\\/wp-content\\\/uploads\\\/2025\\\/02\\\/Travel-Agency-and-Tour-Operator.jpg\",\"datePublished\":\"2024-03-07T15:21:47+00:00\",\"dateModified\":\"2025-02-27T21:28:55+00:00\",\"description\":\"Agencia de Viajes y Tour Operador, Andalusia Travel Tour (ATT), es un proveedor l\u00edder en el sur de Espa\u00f1a. Cont\u00e1ctanos para planificar tu viaje\",\"breadcrumb\":{\"@id\":\"https:\\\/\\\/andalusiatraveltour.com\\\/es\\\/sobre-nosotros\\\/#breadcrumb\"},\"inLanguage\":\"es\",\"potentialAction\":[{\"@type\":\"ReadAction\",\"target\":[\"https:\\\/\\\/andalusiatraveltour.com\\\/es\\\/sobre-nosotros\\\/\"]}]},{\"@type\":\"ImageObject\",\"inLanguage\":\"es\",\"@id\":\"https:\\\/\\\/andalusiatraveltour.com\\\/es\\\/sobre-nosotros\\\/#primaryimage\",\"url\":\"https:\\\/\\\/andalusiatraveltour.com\\\/wp-content\\\/uploads\\\/2025\\\/02\\\/Travel-Agency-and-Tour-Operator.jpg\",\"contentUrl\":\"https:\\\/\\\/andalusiatraveltour.com\\\/wp-content\\\/uploads\\\/2025\\\/02\\\/Travel-Agency-and-Tour-Operator.jpg\",\"width\":1280,\"height\":720,\"caption\":\"Travel Agency and Tour Operator\"},{\"@type\":\"BreadcrumbList\",\"@id\":\"https:\\\/\\\/andalusiatraveltour.com\\\/es\\\/sobre-nosotros\\\/#breadcrumb\",\"itemListElement\":[{\"@type\":\"ListItem\",\"position\":1,\"name\":\"Home\",\"item\":\"https:\\\/\\\/andalusiatraveltour.com\\\/es\\\/\"},{\"@type\":\"ListItem\",\"position\":2,\"name\":\"Sobre nosotros\"}]},{\"@type\":\"WebSite\",\"@id\":\"https:\\\/\\\/andalusiatraveltour.com\\\/es\\\/#website\",\"url\":\"https:\\\/\\\/andalusiatraveltour.com\\\/es\\\/\",\"name\":\"Andalusia Travel Tour\",\"description\":\"\",\"publisher\":{\"@id\":\"https:\\\/\\\/andalusiatraveltour.com\\\/es\\\/#organization\"},\"potentialAction\":[{\"@type\":\"SearchAction\",\"target\":{\"@type\":\"EntryPoint\",\"urlTemplate\":\"https:\\\/\\\/andalusiatraveltour.com\\\/es\\\/?s={search_term_string}\"},\"query-input\":{\"@type\":\"PropertyValueSpecification\",\"valueRequired\":true,\"valueName\":\"search_term_string\"}}],\"inLanguage\":\"es\"},{\"@type\":\"Organization\",\"@id\":\"https:\\\/\\\/andalusiatraveltour.com\\\/es\\\/#organization\",\"name\":\"Andalusia Travel Tour\",\"url\":\"https:\\\/\\\/andalusiatraveltour.com\\\/es\\\/\",\"logo\":{\"@type\":\"ImageObject\",\"inLanguage\":\"es\",\"@id\":\"https:\\\/\\\/andalusiatraveltour.com\\\/es\\\/#\\\/schema\\\/logo\\\/image\\\/\",\"url\":\"https:\\\/\\\/andalusiatraveltour.com\\\/wp-content\\\/uploads\\\/2024\\\/02\\\/logo-andalusia-travel-tour-1.jpg\",\"contentUrl\":\"https:\\\/\\\/andalusiatraveltour.com\\\/wp-content\\\/uploads\\\/2024\\\/02\\\/logo-andalusia-travel-tour-1.jpg\",\"width\":424,\"height\":128,\"caption\":\"Andalusia Travel Tour\"},\"image\":{\"@id\":\"https:\\\/\\\/andalusiatraveltour.com\\\/es\\\/#\\\/schema\\\/logo\\\/image\\\/\"}}]}<\/script>\n<!-- \/ Yoast SEO plugin. -->","yoast_head_json":{"title":"Sobre nosotros | Andalusia Travel Tour","description":"Agencia de Viajes y Tour Operador, Andalusia Travel Tour (ATT), es un proveedor l\u00edder en el sur de Espa\u00f1a. Cont\u00e1ctanos para planificar tu viaje","robots":{"index":"index","follow":"follow","max-snippet":"max-snippet:-1","max-image-preview":"max-image-preview:large","max-video-preview":"max-video-preview:-1"},"canonical":"https:\/\/andalusiatraveltour.com\/es\/sobre-nosotros\/","og_locale":"es_ES","og_type":"article","og_title":"Sobre nosotros | Andalusia Travel Tour","og_description":"Agencia de Viajes y Tour Operador, Andalusia Travel Tour (ATT), es un proveedor l\u00edder en el sur de Espa\u00f1a. Cont\u00e1ctanos para planificar tu viaje","og_url":"https:\/\/andalusiatraveltour.com\/es\/sobre-nosotros\/","og_site_name":"Andalusia Travel Tour","article_modified_time":"2025-02-27T21:28:55+00:00","og_image":[{"width":1280,"height":720,"url":"https:\/\/andalusiatraveltour.com\/wp-content\/uploads\/2025\/02\/Travel-Agency-and-Tour-Operator.jpg","type":"image\/jpeg"}],"twitter_card":"summary_large_image","twitter_misc":{"Tiempo de lectura":"3 minutos"},"schema":{"@context":"https:\/\/schema.org","@graph":[{"@type":"WebPage","@id":"https:\/\/andalusiatraveltour.com\/es\/sobre-nosotros\/","url":"https:\/\/andalusiatraveltour.com\/es\/sobre-nosotros\/","name":"Sobre nosotros | Andalusia Travel Tour","isPartOf":{"@id":"https:\/\/andalusiatraveltour.com\/es\/#website"},"primaryImageOfPage":{"@id":"https:\/\/andalusiatraveltour.com\/es\/sobre-nosotros\/#primaryimage"},"image":{"@id":"https:\/\/andalusiatraveltour.com\/es\/sobre-nosotros\/#primaryimage"},"thumbnailUrl":"https:\/\/andalusiatraveltour.com\/wp-content\/uploads\/2025\/02\/Travel-Agency-and-Tour-Operator.jpg","datePublished":"2024-03-07T15:21:47+00:00","dateModified":"2025-02-27T21:28:55+00:00","description":"Agencia de Viajes y Tour Operador, Andalusia Travel Tour (ATT), es un proveedor l\u00edder en el sur de Espa\u00f1a. Cont\u00e1ctanos para planificar tu viaje","breadcrumb":{"@id":"https:\/\/andalusiatraveltour.com\/es\/sobre-nosotros\/#breadcrumb"},"inLanguage":"es","potentialAction":[{"@type":"ReadAction","target":["https:\/\/andalusiatraveltour.com\/es\/sobre-nosotros\/"]}]},{"@type":"ImageObject","inLanguage":"es","@id":"https:\/\/andalusiatraveltour.com\/es\/sobre-nosotros\/#primaryimage","url":"https:\/\/andalusiatraveltour.com\/wp-content\/uploads\/2025\/02\/Travel-Agency-and-Tour-Operator.jpg","contentUrl":"https:\/\/andalusiatraveltour.com\/wp-content\/uploads\/2025\/02\/Travel-Agency-and-Tour-Operator.jpg","width":1280,"height":720,"caption":"Travel Agency and Tour Operator"},{"@type":"BreadcrumbList","@id":"https:\/\/andalusiatraveltour.com\/es\/sobre-nosotros\/#breadcrumb","itemListElement":[{"@type":"ListItem","position":1,"name":"Home","item":"https:\/\/andalusiatraveltour.com\/es\/"},{"@type":"ListItem","position":2,"name":"Sobre nosotros"}]},{"@type":"WebSite","@id":"https:\/\/andalusiatraveltour.com\/es\/#website","url":"https:\/\/andalusiatraveltour.com\/es\/","name":"Andalusia Travel Tour","description":"","publisher":{"@id":"https:\/\/andalusiatraveltour.com\/es\/#organization"},"potentialAction":[{"@type":"SearchAction","target":{"@type":"EntryPoint","urlTemplate":"https:\/\/andalusiatraveltour.com\/es\/?s={search_term_string}"},"query-input":{"@type":"PropertyValueSpecification","valueRequired":true,"valueName":"search_term_string"}}],"inLanguage":"es"},{"@type":"Organization","@id":"https:\/\/andalusiatraveltour.com\/es\/#organization","name":"Andalusia Travel Tour","url":"https:\/\/andalusiatraveltour.com\/es\/","logo":{"@type":"ImageObject","inLanguage":"es","@id":"https:\/\/andalusiatraveltour.com\/es\/#\/schema\/logo\/image\/","url":"https:\/\/andalusiatraveltour.com\/wp-content\/uploads\/2024\/02\/logo-andalusia-travel-tour-1.jpg","contentUrl":"https:\/\/andalusiatraveltour.com\/wp-content\/uploads\/2024\/02\/logo-andalusia-travel-tour-1.jpg","width":424,"height":128,"caption":"Andalusia Travel Tour"},"image":{"@id":"https:\/\/andalusiatraveltour.com\/es\/#\/schema\/logo\/image\/"}}]}},"_links":{"self":[{"href":"https:\/\/andalusiatraveltour.com\/es\/wp-json\/wp\/v2\/pages\/2112","targetHints":{"allow":["GET"]}}],"collection":[{"href":"https:\/\/andalusiatraveltour.com\/es\/wp-json\/wp\/v2\/pages"}],"about":[{"href":"https:\/\/andalusiatraveltour.com\/es\/wp-json\/wp\/v2\/types\/page"}],"author":[{"embeddable":true,"href":"https:\/\/andalusiatraveltour.com\/es\/wp-json\/wp\/v2\/users\/1"}],"replies":[{"embeddable":true,"href":"https:\/\/andalusiatraveltour.com\/es\/wp-json\/wp\/v2\/comments?post=2112"}],"version-history":[{"count":18,"href":"https:\/\/andalusiatraveltour.com\/es\/wp-json\/wp\/v2\/pages\/2112\/revisions"}],"predecessor-version":[{"id":7323,"href":"https:\/\/andalusiatraveltour.com\/es\/wp-json\/wp\/v2\/pages\/2112\/revisions\/7323"}],"wp:featuredmedia":[{"embeddable":true,"href":"https:\/\/andalusiatraveltour.com\/es\/wp-json\/wp\/v2\/media\/7276"}],"wp:attachment":[{"href":"https:\/\/andalusiatraveltour.com\/es\/wp-json\/wp\/v2\/media?parent=2112"}],"curies":[{"name":"wp","href":"https:\/\/api.w.org\/{rel}","templated":true}]}}